{"id":155,"date":"2021-02-15T15:30:18","date_gmt":"2021-02-15T15:30:18","guid":{"rendered":"http:\/\/tykkisluuppi.com\/swedish\/?page_id=155"},"modified":"2023-03-23T07:21:33","modified_gmt":"2023-03-23T07:21:33","slug":"publikseglingar","status":"publish","type":"page","link":"https:\/\/tykkisluuppi.com\/swedish\/publikseglingar\/","title":{"rendered":"Publikseglingar"},"content":{"rendered":"<h2>Kanonslup Dianas publikseglingar<\/h2>\n<div class=\"hgltbox\">Kanonslupen Dianas publikseglingar ordnas fr\u00e5n 28. juni till 26. augusti 2023.<\/div>\n<p><img loading=\"lazy\" decoding=\"async\" class=\"alignleft size-full wp-image-102\" src=\"http:\/\/tykkisluuppi.com\/swedish\/wp-content\/uploads\/sites\/2\/2021\/02\/page-pic9.jpg\" alt=\"\" width=\"370\" height=\"450\" srcset=\"https:\/\/tykkisluuppi.com\/swedish\/wp-content\/uploads\/sites\/2\/2021\/02\/page-pic9.jpg 370w, https:\/\/tykkisluuppi.com\/swedish\/wp-content\/uploads\/sites\/2\/2021\/02\/page-pic9-247x300.jpg 247w\" sizes=\"auto, (max-width: 370px) 100vw, 370px\" \/><\/p>\n<h3>Segling i 1700-tals stil<\/h3>\n<p>28.6-5.8: onsdagar och l\u00f6rdagar kl. 13:00 och 15:30 och 17:45 samt torsdagar och fredagar kl. 13:00 och 15:30.<\/p>\n<p>Dessutom i augusti p\u00e5 l\u00f6rdagar 12.8, 19.8 och 26.8.2021 kl.13.00, kl.15.30 och kl. 17.45.<\/p>\n<p>Under seglingen med Diana f\u00e5r deltagarna se Sveaborg fr\u00e5n havssidan samt h\u00f6ra om sk\u00e4rg\u00e5rdsflottans f\u00e4ngslande historia. Passagerarna f\u00e5r vid \u00f6nskem\u00e5l hj\u00e4lpa till med upphissning och nedhissning av seglen, dessutom f\u00e5r n\u00e5gra hurtiga vara med i rodd\u00f6vningen. Resan g\u00f6rs livfull av amiral Chapman och hans bes\u00e4ttning.<\/p>\n<p><a href=\"http:\/\/www.suomenlinnatours.com\/sv\/kanonslupen-diana\" target=\"_blank\" rel=\"noopener\">Best\u00e4ll din biljett h\u00e4r!<\/a><\/p>\n<hr \/>\n<p><img loading=\"lazy\" decoding=\"async\" class=\"alignleft size-full wp-image-100\" src=\"http:\/\/tykkisluuppi.com\/swedish\/wp-content\/uploads\/sites\/2\/2021\/02\/page-pic7.jpg\" alt=\"\" width=\"370\" height=\"450\" srcset=\"https:\/\/tykkisluuppi.com\/swedish\/wp-content\/uploads\/sites\/2\/2021\/02\/page-pic7.jpg 370w, https:\/\/tykkisluuppi.com\/swedish\/wp-content\/uploads\/sites\/2\/2021\/02\/page-pic7-247x300.jpg 247w\" sizes=\"auto, (max-width: 370px) 100vw, 370px\" \/><\/p>\n<h3>Presentkort<\/h3>\n<p>Ge som en g\u00e5va en tidsresa till 1700-talet. Presentmottagaren kan segla i 1700-talsstil till vattnet n\u00e4ra Sveaborg. Segling erbjuder 1700-tals historia och anda p\u00e5 ett levande och roligt s\u00e4tt med hj\u00e4lp av drama &#8211; seglingen leds av sj\u00e4lva amiral Chapman. Deltagarna har ocks\u00e5 m\u00f6jlighet att hj\u00e4lpa bes\u00e4ttningen att h\u00f6ja och s\u00e4nka seglen.<\/p>\n<p>Presentkortet <strong>(v\u00e4rde 60 \u20ac)<\/strong> t\u00e4cker biljetter f\u00f6r tv\u00e5 vuxna f\u00f6r segling, eller till exempel biljetter f\u00f6r en vuxen och tv\u00e5 barn.<\/p>\n<p><a href=\"http:\/\/www.suomenlinnatours.com\/sv\/kanonslupen-diana\" target=\"_blank\" rel=\"noopener\">L\u00e4s mer och k\u00f6p ett presentkort<\/a><\/p>\n<p>&nbsp;<\/p>\n<hr \/>\n<h3><strong>Tids\u00e5tg\u00e5ng och avreseplats:<\/strong><\/h3>\n<p>Seglingen eller roddturen varar ca.1 timme och 45 min. Seglingarna utg\u00e5r fr\u00e5n bryggan vid Artilleriviken p\u00e5 Sveaborg. Du kan ta dig till Sveaborg med FRS Finlands vattenbuss eller HRT:s f\u00e4rja fr\u00e5n Salutorget (b\u00e5tresan ing\u00e5r ej i biljettpriset).<\/p>\n<p><strong>V\u00e4nligen notera:<\/strong><\/p>\n<p>Diana \u00e4r en \u00f6ppen b\u00e5t, s\u00e5 det \u00e4r viktigt att ha med sig v\u00e4derm\u00e4ssig utrustning. Ute p\u00e5 havet kan det vara bl\u00e5sigt och d\u00e4rmed kyligt \u00e4ven en varm dag. Vi rekommenderar varm och bekv\u00e4m fritidskl\u00e4dsel samt l\u00e5ga skor. Det \u00e4r bra att ha med sig regnkappa ifall att det skulle regna. Ta g\u00e4rna med \u00e4ven en vattenflaska. Barn kan delta endast i sk\u00e4llskap av en vuxen.<\/p>\n<p>&nbsp;<\/p>\n<div class=\"hgltbox\">\n<h3>Biljettf\u00f6rs\u00e4ljning och priser<\/h3>\n<p>Biljetter till publikseglingar s\u00e4ljs i f\u00f6rv\u00e4g p\u00e5 v\u00e5r <a href=\"http:\/\/www.suomenlinnatours.com\/sv\/kanonslupen-diana\" target=\"_blank\" rel=\"noopener\">webbutik<\/a>. Antalet deltagare f\u00f6r seglingarna \u00e4r begr\u00e4nsat och vi rekommenderar att ni bokar biljetterna i f\u00f6rv\u00e4g.<\/p>\n<p><strong>Priser (inkl. 10% moms):<\/strong><br \/>\nVuxen 30 \u20ac<br \/>\nBarn 15 \u20ac (under 16 \u00e5r)<br \/>\nBarn 8 \u20ac (0-2 \u00e5r)<\/p>\n<p><strong>Obs!<\/strong> Om ni vill delta i en segling med presentkortet av <a href=\"https:\/\/www.elamyslahjat.fi\/lahjat\/liput-tykkisluuppi-dianan-2\" target=\"_blank\" rel=\"noopener\">El\u00e4myslahjat<\/a> boka er plats i f\u00f6rv\u00e4g via e-post<\/p>\n<p>E-postadress <a class=\"emaillink\" href=\"mailto:guidebooking@suomenlinnatours.com\"><span class=\"sr-only\">Email address<\/span>guidebooking (at) suomenlinnatours.com<\/a><\/p>\n<p>Telefonnummer\u00a0<span class=\"phoneno\"><span class=\"sr-only\">Phone number<\/span><\/span>09-68999850.<\/p>\n<\/div>\n<p><strong>Fr\u00e5gor och mer information:<\/strong><\/p>\n<p>Samfundet Ehrensv\u00e4rd rf\u00a0<span class=\"phoneno\"><span class=\"sr-only\">Phone number<\/span><\/span>09-68999850, <a class=\"emaillink\" href=\"mailto:guidebooking@suomenlinnatours.com\"><span class=\"sr-only\">Email address<\/span>guidebooking (at) suomenlinnatours.com<\/a><\/p>\n<p>Vi begr\u00e4nsar v\u00e5rt ansvar f\u00f6r anordning av programmet enligt havslagen. Vi f\u00f6rbeh\u00e5ller oss r\u00e4tten att g\u00f6ra \u00e4ndringar i den givna informationen.<\/p>\n<p>Kanonslup Diana finns ocks\u00e5 p\u00e5 <a href=\"http:\/\/www.facebook.com\/tykkisluuppi\" target=\"_blank\" rel=\"noopener\">Facebook<\/a> samt <a href=\"https:\/\/www.instagram.com\/tykkisluuppi\/\" target=\"_blank\" rel=\"noopener\">Instagram<\/a>.<\/p>\n","protected":false},"excerpt":{"rendered":"<p>Kanonslup Dianas publikseglingar Kanonslupen Dianas publikseglingar ordnas fr\u00e5n 28. juni till 26. augusti 2023. Segling i 1700-tals stil 28.6-5.8: onsdagar och l\u00f6rdagar kl. 13:00 och 15:30 och 17:45 samt torsdagar och fredagar kl. 13:00 och 15:30. Dessutom i augusti p\u00e5 l\u00f6rdagar 12.8, 19.8 och 26.8.2021 kl.13.00, kl.15.30 och kl. 17.45. Under seglingen med Diana f\u00e5r [&hellip;]<\/p>\n","protected":false},"author":1,"featured_media":0,"parent":0,"menu_order":0,"comment_status":"closed","ping_status":"closed","template":"","meta":{"footnotes":""},"class_list":["post-155","page","type-page","status-publish","hentry"],"acf":[],"_links":{"self":[{"href":"https:\/\/tykkisluuppi.com\/swedish\/wp-json\/wp\/v2\/pages\/155","targetHints":{"allow":["GET"]}}],"collection":[{"href":"https:\/\/tykkisluuppi.com\/swedish\/wp-json\/wp\/v2\/pages"}],"about":[{"href":"https:\/\/tykkisluuppi.com\/swedish\/wp-json\/wp\/v2\/types\/page"}],"author":[{"embeddable":true,"href":"https:\/\/tykkisluuppi.com\/swedish\/wp-json\/wp\/v2\/users\/1"}],"replies":[{"embeddable":true,"href":"https:\/\/tykkisluuppi.com\/swedish\/wp-json\/wp\/v2\/comments?post=155"}],"version-history":[{"count":19,"href":"https:\/\/tykkisluuppi.com\/swedish\/wp-json\/wp\/v2\/pages\/155\/revisions"}],"predecessor-version":[{"id":413,"href":"https:\/\/tykkisluuppi.com\/swedish\/wp-json\/wp\/v2\/pages\/155\/revisions\/413"}],"wp:attachment":[{"href":"https:\/\/tykkisluuppi.com\/swedish\/wp-json\/wp\/v2\/media?parent=155"}],"curies":[{"name":"wp","href":"https:\/\/api.w.org\/{rel}","templated":true}]}}