{"id":153,"date":"2021-02-15T15:28:49","date_gmt":"2021-02-15T15:28:49","guid":{"rendered":"http:\/\/tykkisluuppi.com\/swedish\/?page_id=153"},"modified":"2022-05-09T11:23:37","modified_gmt":"2022-05-09T11:23:37","slug":"kontaktuppgifter","status":"publish","type":"page","link":"https:\/\/tykkisluuppi.com\/swedish\/kontaktuppgifter\/","title":{"rendered":"Kontaktuppgifter"},"content":{"rendered":"<h2>F\u00f6rfr\u00e5gningar och mer information<\/h2>\n<p><img loading=\"lazy\" decoding=\"async\" class=\"alignleft size-full wp-image-103\" src=\"http:\/\/tykkisluuppi.com\/swedish\/wp-content\/uploads\/sites\/2\/2021\/02\/page-pic10.jpg\" alt=\"\" width=\"370\" height=\"450\" srcset=\"https:\/\/tykkisluuppi.com\/swedish\/wp-content\/uploads\/sites\/2\/2021\/02\/page-pic10.jpg 370w, https:\/\/tykkisluuppi.com\/swedish\/wp-content\/uploads\/sites\/2\/2021\/02\/page-pic10-247x300.jpg 247w\" sizes=\"auto, (max-width: 370px) 100vw, 370px\" \/><\/p>\n<p class=\"lead-para\"><strong><span style=\"color: #000000;\">Samfundet Ehrensv\u00e4rd rf<\/span><\/strong><\/p>\n<p><span class=\"phoneno\"><span class=\"sr-only\">Phone number<\/span>09-68999850<\/span><\/p>\n<p><a class=\"emaillink\" href=\"mailto:guidebooking@suomenlinnatours.com\"><span class=\"sr-only\">Email address<\/span>guidebooking (at) suomenlinnatours.com<\/a><\/p>\n<p><a href=\"http:\/\/www.suomenlinnatours.com\/en\/home-en\" target=\"_blank\" rel=\"noopener\">www.suomenlinnatours.com<\/a><\/p>\n<p>Boka seglingar och roddturer f\u00f6r grupper via <a href=\"http:\/\/www.suomenlinnatours.com\/sv\/order-sv\">best\u00e4llningsformul\u00e4ren.<\/a><\/p>\n<p>F\u00f6lj oss p\u00e5 <a href=\"https:\/\/www.facebook.com\/tykkisluuppi\/\" target=\"_blank\" rel=\"noopener\">Facebook<\/a> och <a href=\"http:\/\/www.instagram.com\/tykkisluuppi\" target=\"_blank\" rel=\"noopener\">Instagram<\/a>.<\/p>\n<p>F\u00f6r uthyrning av kanonslupen Diana ansvarar Samfundet Ehrensv\u00e4rds dotterbolag Suomenlinnan Matkailuexpert.<\/p>\n<hr \/>\n<div class=\"hgltbox\">\n<h3>Biljettf\u00f6rs\u00e4ljning och bokningar f\u00f6r publikseglingar:<\/h3>\n<p><strong>Reservera din biljett i f\u00f6rhand:<\/strong> <a href=\"http:\/\/www.suomenlinnatours.com\/en\/home-en\" target=\"_blank\" rel=\"noopener\">www.suomenlinnatours.com<\/a><\/p>\n<p><strong>Biljetter p\u00e5 seglingsdagen:<\/strong> Samfundet Ehrensv\u00e4rd rf\u00a0<span class=\"phoneno\"><span class=\"sr-only\">Phone number<\/span>09-68999850<\/span><\/p>\n<\/div>\n","protected":false},"excerpt":{"rendered":"<p>F\u00f6rfr\u00e5gningar och mer information Samfundet Ehrensv\u00e4rd rf Phone number09-68999850 Email addressguidebooking (at) suomenlinnatours.com www.suomenlinnatours.com Boka seglingar och roddturer f\u00f6r grupper via best\u00e4llningsformul\u00e4ren. F\u00f6lj oss p\u00e5 Facebook och Instagram. F\u00f6r uthyrning av kanonslupen Diana ansvarar Samfundet Ehrensv\u00e4rds dotterbolag Suomenlinnan Matkailuexpert. Biljettf\u00f6rs\u00e4ljning och bokningar f\u00f6r publikseglingar: Reservera din biljett i f\u00f6rhand: www.suomenlinnatours.com Biljetter p\u00e5 seglingsdagen: Samfundet Ehrensv\u00e4rd [&hellip;]<\/p>\n","protected":false},"author":1,"featured_media":0,"parent":0,"menu_order":0,"comment_status":"closed","ping_status":"closed","template":"","meta":{"footnotes":""},"class_list":["post-153","page","type-page","status-publish","hentry"],"acf":[],"_links":{"self":[{"href":"https:\/\/tykkisluuppi.com\/swedish\/wp-json\/wp\/v2\/pages\/153","targetHints":{"allow":["GET"]}}],"collection":[{"href":"https:\/\/tykkisluuppi.com\/swedish\/wp-json\/wp\/v2\/pages"}],"about":[{"href":"https:\/\/tykkisluuppi.com\/swedish\/wp-json\/wp\/v2\/types\/page"}],"author":[{"embeddable":true,"href":"https:\/\/tykkisluuppi.com\/swedish\/wp-json\/wp\/v2\/users\/1"}],"replies":[{"embeddable":true,"href":"https:\/\/tykkisluuppi.com\/swedish\/wp-json\/wp\/v2\/comments?post=153"}],"version-history":[{"count":8,"href":"https:\/\/tykkisluuppi.com\/swedish\/wp-json\/wp\/v2\/pages\/153\/revisions"}],"predecessor-version":[{"id":406,"href":"https:\/\/tykkisluuppi.com\/swedish\/wp-json\/wp\/v2\/pages\/153\/revisions\/406"}],"wp:attachment":[{"href":"https:\/\/tykkisluuppi.com\/swedish\/wp-json\/wp\/v2\/media?parent=153"}],"curies":[{"name":"wp","href":"https:\/\/api.w.org\/{rel}","templated":true}]}}