{"id":151,"date":"2021-02-15T15:27:43","date_gmt":"2021-02-15T15:27:43","guid":{"rendered":"http:\/\/tykkisluuppi.com\/swedish\/?page_id=151"},"modified":"2021-03-01T10:05:03","modified_gmt":"2021-03-01T10:05:03","slug":"artilleriforstoringsglas-i-gustav-iii-kriget","status":"publish","type":"page","link":"https:\/\/tykkisluuppi.com\/swedish\/artilleriforstoringsglas-i-gustav-iii-kriget\/","title":{"rendered":"Kanonsluparna i Gustav IIIs krig"},"content":{"rendered":"<h2>Bakgrunder till kriget<\/h2>\n<p><img loading=\"lazy\" decoding=\"async\" class=\"alignleft size-full wp-image-112\" src=\"http:\/\/tykkisluuppi.com\/swedish\/wp-content\/uploads\/sites\/2\/2021\/02\/page-pic19.jpg\" alt=\"\" width=\"370\" height=\"450\" srcset=\"https:\/\/tykkisluuppi.com\/swedish\/wp-content\/uploads\/sites\/2\/2021\/02\/page-pic19.jpg 370w, https:\/\/tykkisluuppi.com\/swedish\/wp-content\/uploads\/sites\/2\/2021\/02\/page-pic19-247x300.jpg 247w\" sizes=\"auto, (max-width: 370px) 100vw, 370px\" \/>Sverige hade f\u00f6rlorat stora omr\u00e5den till Ryssland i efterdyningarna av det stora norra kriget och krigshatten. Kung Gustav III av Sverige v\u00e4ckte emellertid hopp om att de gamla territorierna skulle \u00e5terst\u00e4llas till Sverige och som ett resultat av att Sverige \u00e5terinf\u00f6rdes som en av stormakterna. Efter att Ryssland ingick i ett krig med Turkiet 1787 s\u00e5g Gustav III sin m\u00f6jlighet komma: n\u00e4r blicken i grannlandet fokuserades p\u00e5 Svarta havet skulle det vara l\u00e4tt f\u00f6r Sverige att verka i norr. F\u00f6r att vinna kriget b\u00f6r den svenska flottan ta \u00f6ver \u00d6stersj\u00f6ns dominans genom att \u00f6verraska Ryssland. V\u00e5ren 1788 inledde den svenska flottan utrustningsarbete f\u00f6r kriget i Karlskrona och Stockholm samt p\u00e5 Viapori-r\u00f6tt. Detta kom som en \u00f6verraskning f\u00f6r m\u00e5nga, eftersom den svenska flottan l\u00e5ngt ifr\u00e5n var redo f\u00f6r krig och kungen inte hade r\u00e4tt att inleda ett krig. Den 9 juni 1788 lyfte marinen sitt ankare fr\u00e5n Karlskrona Red, och Stockholms sk\u00e4rg\u00e5rdsskvadron lyfte upp seglen under kungens ledning den 23 juni. Kriget hade b\u00f6rjat.<\/p>\n<hr \/>\n<h2>Kanonsluparna under kriget 1788-90<\/h2>\n<p>Under Gustav IIIs krig hade kanonsluparna m\u00e5nga olika uppgifter. De anv\u00e4ndes till exempel f\u00f6r att utf\u00f6ra underr\u00e4ttelsesuppdrag och f\u00f6r att hj\u00e4lpa skadade fartyg och signalera stridsordningen. Med tanke p\u00e5 sin storlek kunde sluparna orsaka \u00f6verraskande stor skada p\u00e5 st\u00f6rre fartyg, s\u00e4rskilt p\u00e5 fartygsriggningarna och de svagaste delarna av skrovet, utan att sj\u00e4lva lida av st\u00f6rre skador. Efter attacken kunde kanonsluparna fly till den karga sk\u00e4rg\u00e5rden till vilken de st\u00f6rre fartygen inte hade tillg\u00e5ng och sedan snabbt f\u00f6rnya sina attacker. Tack vare sluparnas lilla storlek och grunda djup kunde de g\u00f6ra \u00f6verraskande attacker p\u00e5 fiendens sida eller rygg s\u00e4rskilt bra. Fast\u00e4n kungen hade blivit f\u00f6rtjust i Fredrik Henrik af Chapman slupar f\u00f6re kriget fanns det bara 28 av dem i Stockholms eskadern och 27 i Sveaborgs eskadern n\u00e4r kriget b\u00f6rjade. Under kriget blev emellertid sluparnas f\u00f6rdelarna tydliga och p\u00e5 kort tid byggdes ett stort antal fler kanonslupar till sk\u00e4rg\u00e5rdsflottan.<\/p>\n<hr \/>\n<p><img loading=\"lazy\" decoding=\"async\" class=\"aligncenter size-full wp-image-115\" src=\"http:\/\/tykkisluuppi.com\/swedish\/wp-content\/uploads\/sites\/2\/2021\/02\/page-pic22.jpg\" alt=\"\" width=\"730\" height=\"400\" srcset=\"https:\/\/tykkisluuppi.com\/swedish\/wp-content\/uploads\/sites\/2\/2021\/02\/page-pic22.jpg 730w, https:\/\/tykkisluuppi.com\/swedish\/wp-content\/uploads\/sites\/2\/2021\/02\/page-pic22-300x164.jpg 300w\" sizes=\"auto, (max-width: 730px) 100vw, 730px\" \/><\/p>\n<h2>Det andra sj\u00f6slaget vid Svensksund<\/h2>\n<p>I b\u00f6rjan av juli 1790 hade den svenska flottan \u00f6verlevt den ryska bel\u00e4gringen vid Viborska viken trots en till synes desperat situation. Fartygen var utspridda i sk\u00e4rg\u00e5rden, s\u00e5 Gustav III beordrade hela flottan att samlas i Svensksund. Kungen v\u00e4ntade p\u00e5 en omedelbar attack fr\u00e5n den ryska flottan och det blev snart uppenbart att fienden skulle attackera Svensksund fr\u00e5n s\u00f6der. Kanonsluparna signalera sj\u00f6stridsordningen till andra fartyg och 9. juli v\u00e4cktes kungen med ett meddelande om att ryssarna skulle inleda sin attack.<\/p>\n<p>Efter krigssommaren bestod sk\u00e4rg\u00e5rdsflottan av totalt 195 krigsfartyg, varav 99 kanonslupar. Den taktik som anv\u00e4nds i strid baserades till stora delar p\u00e5 bidrag fr\u00e5n de sm\u00e5 kanonsluparna. Stridstaktik som anv\u00e4ndes i Svensksund gick ut p\u00e5 att f\u00f6rs\u00f6kte blockera fiendens fartyg. Kanonsluparna placerades p\u00e5 vardera sidan om de st\u00f6rre fartygen varp\u00e5 fiendens fartyg st\u00e4ngdes in mellan sidorna. Kanonsluparnas kommandant Hjelmstjerna hade f\u00f6r avsikt att \u00e5ka runt till ryssarnas h\u00f6gra sida och d\u00e4rmed attackera dem fr\u00e5n baksidan. Man\u00f6vreringen av de svenska kanonsluparna kom som en \u00f6verraskning f\u00f6r bef\u00e4lhavaren f\u00f6r den ryska sk\u00e4rg\u00e5rdsflottan Nassau-Siegen. Som ett resultat missf\u00f6rstod vissa ryska fartyg sina order f\u00f6r attacken, vilket ledde till att m\u00e5nga fartyg gav upp striden och sv\u00e4ngde tillbaka. Samtidigt bl\u00e5ste vinden upp och gjorde oordning i k\u00e4rnan av den ryska flottan samt bl\u00e5ste den mot de svenska fartygen. Striden fortsatte l\u00e5ngt fram till midnatt tills den ryska flottan flydde fr\u00e5n Svensksund.<\/p>\n<p>Kanonsluparnas bidrag var en avg\u00f6rande faktorerna f\u00f6r den svenska flottans seger. Det andra sj\u00f6slaget vid Svensksund var den mest segerrika och samtidigt den st\u00f6rsta sj\u00f6striden som n\u00e5gonsin f\u00f6rts i \u00d6stersj\u00f6n. Freden undertecknades i V\u00e4r\u00e4l\u00e4 14. augusti 1790. Inga gr\u00e4nsf\u00f6r\u00e4ndringar gjordes i fredsavtalet. Trots detta var freden en politisk seger f\u00f6r Gustav III, eftersom avtalet f\u00f6rbj\u00f6d f\u00f6r gott Ryssland att blanda sig i svenska inrikesfr\u00e5gor.<\/p>\n<p>\u00a9 2013 Tykkisluuppi<\/p>\n","protected":false},"excerpt":{"rendered":"<p>Bakgrunder till kriget Sverige hade f\u00f6rlorat stora omr\u00e5den till Ryssland i efterdyningarna av det stora norra kriget och krigshatten. Kung Gustav III av Sverige v\u00e4ckte emellertid hopp om att de gamla territorierna skulle \u00e5terst\u00e4llas till Sverige och som ett resultat av att Sverige \u00e5terinf\u00f6rdes som en av stormakterna. Efter att Ryssland ingick i ett krig [&hellip;]<\/p>\n","protected":false},"author":1,"featured_media":0,"parent":0,"menu_order":0,"comment_status":"closed","ping_status":"closed","template":"","meta":{"footnotes":""},"class_list":["post-151","page","type-page","status-publish","hentry"],"acf":[],"_links":{"self":[{"href":"https:\/\/tykkisluuppi.com\/swedish\/wp-json\/wp\/v2\/pages\/151","targetHints":{"allow":["GET"]}}],"collection":[{"href":"https:\/\/tykkisluuppi.com\/swedish\/wp-json\/wp\/v2\/pages"}],"about":[{"href":"https:\/\/tykkisluuppi.com\/swedish\/wp-json\/wp\/v2\/types\/page"}],"author":[{"embeddable":true,"href":"https:\/\/tykkisluuppi.com\/swedish\/wp-json\/wp\/v2\/users\/1"}],"replies":[{"embeddable":true,"href":"https:\/\/tykkisluuppi.com\/swedish\/wp-json\/wp\/v2\/comments?post=151"}],"version-history":[{"count":5,"href":"https:\/\/tykkisluuppi.com\/swedish\/wp-json\/wp\/v2\/pages\/151\/revisions"}],"predecessor-version":[{"id":247,"href":"https:\/\/tykkisluuppi.com\/swedish\/wp-json\/wp\/v2\/pages\/151\/revisions\/247"}],"wp:attachment":[{"href":"https:\/\/tykkisluuppi.com\/swedish\/wp-json\/wp\/v2\/media?parent=151"}],"curies":[{"name":"wp","href":"https:\/\/api.w.org\/{rel}","templated":true}]}}