{"id":149,"date":"2021-02-15T15:26:33","date_gmt":"2021-02-15T15:26:33","guid":{"rendered":"http:\/\/tykkisluuppi.com\/swedish\/?page_id=149"},"modified":"2021-03-01T08:44:37","modified_gmt":"2021-03-01T08:44:37","slug":"kanonslupen-diana","status":"publish","type":"page","link":"https:\/\/tykkisluuppi.com\/swedish\/kanonslupen-diana\/","title":{"rendered":"Kanonslupen Diana"},"content":{"rendered":"<p><img loading=\"lazy\" decoding=\"async\" class=\"alignleft size-full wp-image-95\" src=\"http:\/\/tykkisluuppi.com\/swedish\/wp-content\/uploads\/sites\/2\/2021\/02\/page-pic2.jpg\" alt=\"\" width=\"370\" height=\"450\" srcset=\"https:\/\/tykkisluuppi.com\/swedish\/wp-content\/uploads\/sites\/2\/2021\/02\/page-pic2.jpg 370w, https:\/\/tykkisluuppi.com\/swedish\/wp-content\/uploads\/sites\/2\/2021\/02\/page-pic2-247x300.jpg 247w\" sizes=\"auto, (max-width: 370px) 100vw, 370px\" \/><\/p>\n<p>P\u00e5 Finska vikens vatten seglade f\u00f6r \u00f6ver 200 \u00e5r sedan sk\u00e4rg\u00e5rdsflotta, som ocks\u00e5 deltog under Gustav III:s krig i det stora havsslaget vid Svensksund. N\u00e4sta sommar kan du stiga ombord p\u00e5 kanonslupen Diana, som \u00e4r byggd enligt 1700-talets modeller, och segla p\u00e5 vattnen runt Sveaborg. Ge dig ut p\u00e5 vattnen runt Sveaborg p\u00e5 en havsresa som du kommer minnas och segla i 1700-talets anda.<\/p>\n<p>Kanonslupen som ingick i sk\u00e4rg\u00e5rdsflottan var ett l\u00e5gg\u00e5ende och vapenf\u00f6rsett fartyg, som kunde seglas och ros. Kanonslupen Diana baseras p\u00e5 ritningar utf\u00e4rdade av b\u00e5tarkitekten Fredrik Henrik af Chapman och gamla dokumentk\u00e4llor fr\u00e5n Svenska flottans ritningskontor. Fartyget byggdes p\u00e5 Sveaborgs varv.<\/p>\n<hr \/>\n<div class=\"hgltbox\">Visste du att kanonslupen Diana \u00e4r Finlands f\u00f6rsta elektriska passagerarfartyg i havsomr\u00e5det. Skeppets byggprojekt startade p\u00e5 h\u00f6sten 2010 p\u00e5 Sveaborgs historiska torrdocka och skeppet registrerades v\u00e5ren 2015. Fartygets verksamhet sk\u00f6ts av Suomenlinnan matkailuexpert Oy.<\/div>\n<div class=\"hgltbox\">Under seglingss\u00e4songen fr\u00e5n maj till september ordnas publikseglingar och charterseglingar f\u00f6r grupper.<\/div>\n<h2>Segla i 1700-tals stil med kanonslupen Diana!<\/h2>\n","protected":false},"excerpt":{"rendered":"<p>P\u00e5 Finska vikens vatten seglade f\u00f6r \u00f6ver 200 \u00e5r sedan sk\u00e4rg\u00e5rdsflotta, som ocks\u00e5 deltog under Gustav III:s krig i det stora havsslaget vid Svensksund. N\u00e4sta sommar kan du stiga ombord p\u00e5 kanonslupen Diana, som \u00e4r byggd enligt 1700-talets modeller, och segla p\u00e5 vattnen runt Sveaborg. Ge dig ut p\u00e5 vattnen runt Sveaborg p\u00e5 en havsresa [&hellip;]<\/p>\n","protected":false},"author":1,"featured_media":0,"parent":0,"menu_order":0,"comment_status":"closed","ping_status":"closed","template":"","meta":{"footnotes":""},"class_list":["post-149","page","type-page","status-publish","hentry"],"acf":[],"_links":{"self":[{"href":"https:\/\/tykkisluuppi.com\/swedish\/wp-json\/wp\/v2\/pages\/149","targetHints":{"allow":["GET"]}}],"collection":[{"href":"https:\/\/tykkisluuppi.com\/swedish\/wp-json\/wp\/v2\/pages"}],"about":[{"href":"https:\/\/tykkisluuppi.com\/swedish\/wp-json\/wp\/v2\/types\/page"}],"author":[{"embeddable":true,"href":"https:\/\/tykkisluuppi.com\/swedish\/wp-json\/wp\/v2\/users\/1"}],"replies":[{"embeddable":true,"href":"https:\/\/tykkisluuppi.com\/swedish\/wp-json\/wp\/v2\/comments?post=149"}],"version-history":[{"count":5,"href":"https:\/\/tykkisluuppi.com\/swedish\/wp-json\/wp\/v2\/pages\/149\/revisions"}],"predecessor-version":[{"id":264,"href":"https:\/\/tykkisluuppi.com\/swedish\/wp-json\/wp\/v2\/pages\/149\/revisions\/264"}],"wp:attachment":[{"href":"https:\/\/tykkisluuppi.com\/swedish\/wp-json\/wp\/v2\/media?parent=149"}],"curies":[{"name":"wp","href":"https:\/\/api.w.org\/{rel}","templated":true}]}}