{"id":147,"date":"2021-02-15T15:25:34","date_gmt":"2021-02-15T15:25:34","guid":{"rendered":"http:\/\/tykkisluuppi.com\/swedish\/?page_id=147"},"modified":"2023-03-27T07:17:33","modified_gmt":"2023-03-27T07:17:33","slug":"bestallningsseglingar","status":"publish","type":"page","link":"https:\/\/tykkisluuppi.com\/swedish\/bestallningsseglingar\/","title":{"rendered":"Best\u00e4llda seglingar f\u00f6r grupper"},"content":{"rendered":"<h2>Best\u00e4llda seglingar med kanonslupen Diana under s\u00e4songen<\/h2>\n<p>Vi erbjuder f\u00f6r grupper seglingar med kanonslupen Diana. Ta din grupp p\u00e5 en unik och st\u00e4mningsfull havsresa och erfar historiens vingslag p\u00e5 ett intressant och inlevelserikt s\u00e4tt. Ni kan ocks\u00e5 boka <a href=\"http:\/\/www.suomenlinnatours.com\/sv\/konferenspaket\">m\u00f6tes- och trakteringstj\u00e4nster <\/a>p\u00e5 Sveaborg eller t.ex. en <a href=\"http:\/\/www.suomenlinnatours.com\/sv\/for-grupper\">guidad rundvandring<\/a> p\u00e5 f\u00e4stningen eller p\u00e5 Skanslandet.<\/p>\n<hr \/>\n<h3><img loading=\"lazy\" decoding=\"async\" class=\"alignleft size-full wp-image-102\" src=\"http:\/\/tykkisluuppi.com\/swedish\/wp-content\/uploads\/sites\/2\/2021\/02\/page-pic9.jpg\" alt=\"\" width=\"370\" height=\"450\" srcset=\"https:\/\/tykkisluuppi.com\/swedish\/wp-content\/uploads\/sites\/2\/2021\/02\/page-pic9.jpg 370w, https:\/\/tykkisluuppi.com\/swedish\/wp-content\/uploads\/sites\/2\/2021\/02\/page-pic9-247x300.jpg 247w\" sizes=\"auto, (max-width: 370px) 100vw, 370px\" \/>Till Sveaborg i 1700-tals stil<\/h3>\n<p>Res i historisk stil fr\u00e5n Vedkajen i Kronohagen i Helsingfors till Sveaborg och ta din grupp p\u00e5 en of\u00f6rgl\u00f6mlig resa. Seglingen tar ungef\u00e4r en halv timme n\u00e4r fartyget k\u00f6rs med motorer.<\/p>\n<p><strong>Gruppens storlek f\u00e5r vara \u00e4r max 40 personer. <\/strong><\/p>\n<p><strong>Pris fr\u00e5n 1000 euro + moms 10% \/ riktning (max 1 timme)<\/strong><\/p>\n<p>F\u00f6rfr\u00e5gningar och reservationer: <a class=\"emaillink\" href=\"mailto:guidebooking(at)suomenlinnatours.com\"><span class=\"sr-only\">Email address<\/span>guidebooking@suomenlinnatours.com<\/a><\/p>\n<hr \/>\n<h3><img loading=\"lazy\" decoding=\"async\" class=\"alignleft size-full wp-image-95\" src=\"http:\/\/tykkisluuppi.com\/swedish\/wp-content\/uploads\/sites\/2\/2021\/02\/page-pic2.jpg\" alt=\"\" width=\"370\" height=\"450\" srcset=\"https:\/\/tykkisluuppi.com\/swedish\/wp-content\/uploads\/sites\/2\/2021\/02\/page-pic2.jpg 370w, https:\/\/tykkisluuppi.com\/swedish\/wp-content\/uploads\/sites\/2\/2021\/02\/page-pic2-247x300.jpg 247w\" sizes=\"auto, (max-width: 370px) 100vw, 370px\" \/>Sveaborg-kryssning<\/h3>\n<p>Under den tv\u00e5 timmar l\u00e5nga kryssningen runt Sveaborgs vatten njuter ni av den unika st\u00e4mningen p\u00e5 det historiska segelfartyget. Om v\u00e4dret till\u00e5ter kan resan ocks\u00e5 g\u00f6ras med segel.<\/p>\n<p><strong>Gruppens storlek kan vara max 40 personer. <\/strong><\/p>\n<p><strong>Pris fr\u00e5n 1250 euro + moms 10%<\/strong><\/p>\n<hr \/>\n<h3><img loading=\"lazy\" decoding=\"async\" class=\"alignleft size-full wp-image-103\" src=\"http:\/\/tykkisluuppi.com\/swedish\/wp-content\/uploads\/sites\/2\/2021\/02\/page-pic10.jpg\" alt=\"\" width=\"370\" height=\"450\" srcset=\"https:\/\/tykkisluuppi.com\/swedish\/wp-content\/uploads\/sites\/2\/2021\/02\/page-pic10.jpg 370w, https:\/\/tykkisluuppi.com\/swedish\/wp-content\/uploads\/sites\/2\/2021\/02\/page-pic10-247x300.jpg 247w\" sizes=\"auto, (max-width: 370px) 100vw, 370px\" \/>Upplysningstidens havs\u00e4ventyr<\/h3>\n<p>Upplysningstidens havs\u00e4ventyr \u00e4r en tv\u00e5 timmars kryssning med f\u00f6rest\u00e4llning, d\u00e4r vi g\u00f6r ett tidshopp till 1790-talet.\u00a0 I f\u00f6rest\u00e4llningen f\u00f6rbereder amiral Fredrik Henrik af Chapman utresan till havs f\u00f6r Sveaborgs sk\u00e4rg\u00e5rdsflotta och de beh\u00f6ver hj\u00e4lpande krafter till bes\u00e4ttningen. Deltagarna f\u00e5r en livfull erfarenhet av hur det var att segla p\u00e5 farkosten f\u00f6r mer \u00e4n 200 \u00e5r sedan. Spr\u00e5k: finska och engelska. <strong>Gruppens storlek kan vara \u00e4r max 40 personer. <\/strong><strong>Pris fr\u00e5n 1600 euro + moms 10%<\/strong><\/p>\n<hr \/>\n<h3><\/h3>\n<hr \/>\n<h3><img loading=\"lazy\" decoding=\"async\" class=\"alignleft size-full wp-image-106\" src=\"http:\/\/tykkisluuppi.com\/swedish\/wp-content\/uploads\/sites\/2\/2021\/02\/page-pic13.jpg\" alt=\"\" width=\"370\" height=\"450\" srcset=\"https:\/\/tykkisluuppi.com\/swedish\/wp-content\/uploads\/sites\/2\/2021\/02\/page-pic13.jpg 370w, https:\/\/tykkisluuppi.com\/swedish\/wp-content\/uploads\/sites\/2\/2021\/02\/page-pic13-247x300.jpg 247w\" sizes=\"auto, (max-width: 370px) 100vw, 370px\" \/>Rodd till Sveaborg<\/h3>\n<p>Hur skulle det k\u00e4nnas att ro en kanonslup som ingick i Sveaborgs sk\u00e4rg\u00e5rdsflotta? Kanonslupen Diana har stora t\u00e4ljda tr\u00e4\u00e5ror, s\u00e5 att fartyget kan ros p\u00e5 samma s\u00e4tt som dess f\u00f6reg\u00e5ngare. En rodd\u00f6vning med slupen i vattnen n\u00e4rmast runt Sveaborg, blir ett sp\u00e4nnande \u00e4ventyr f\u00f6r grupper, som med gemensamma muskelkrafter vill s\u00e4tta fartyget i r\u00f6relse. Deltagandet i rundturen kr\u00e4ver en bra grundkondition samt kl\u00e4dsel som l\u00e4mpar sig f\u00f6r motion. Roddturen varar ca. tv\u00e5 timmar. Till roddturen kan ni boka en historisk karakt\u00e4r som s\u00e4tter takten f\u00f6r rodden. <strong>Gruppstorlek max 30-40 personer. <\/strong><strong>Pris fr\u00e5n 1500 euro + moms 10%<\/strong><\/p>\n<hr \/>\n<div class=\"hgltbox\"><a href=\"http:\/\/www.suomenlinnatours.com\/sv\/order-sv\" target=\"_blank\" rel=\"noopener\">Boka h\u00e4r en unik segling f\u00f6r din grupp f\u00f6r sommars\u00e4songen!<\/a><\/div>\n<p><strong>F\u00f6rfr\u00e5gningar och ytterligare information:<\/strong><\/p>\n<p>Samfundet Ehrensv\u00e4rd rf, <span class=\"phoneno\"><span class=\"sr-only\">Phone number<\/span> 09-68999850 <\/span>, <a class=\"emaillink\" href=\"mailto:guidebooking@suomenlinnatours.com\"><span class=\"sr-only\">Email address<\/span>guidebooking (at) suomenlinnatours.com<\/a><\/p>\n<p>Vi begr\u00e4nsar v\u00e5rt ansvar f\u00f6r att organisera programmet i enlighet med sj\u00f6fartslagen. Vi f\u00f6rbeh\u00e5ller oss r\u00e4tten att g\u00f6ra \u00e4ndringar i informationen.<\/p>\n","protected":false},"excerpt":{"rendered":"<p>Best\u00e4llda seglingar med kanonslupen Diana under s\u00e4songen Vi erbjuder f\u00f6r grupper seglingar med kanonslupen Diana. Ta din grupp p\u00e5 en unik och st\u00e4mningsfull havsresa och erfar historiens vingslag p\u00e5 ett intressant och inlevelserikt s\u00e4tt. Ni kan ocks\u00e5 boka m\u00f6tes- och trakteringstj\u00e4nster p\u00e5 Sveaborg eller t.ex. en guidad rundvandring p\u00e5 f\u00e4stningen eller p\u00e5 Skanslandet. Till Sveaborg [&hellip;]<\/p>\n","protected":false},"author":1,"featured_media":0,"parent":0,"menu_order":0,"comment_status":"closed","ping_status":"closed","template":"","meta":{"footnotes":""},"class_list":["post-147","page","type-page","status-publish","hentry"],"acf":[],"_links":{"self":[{"href":"https:\/\/tykkisluuppi.com\/swedish\/wp-json\/wp\/v2\/pages\/147","targetHints":{"allow":["GET"]}}],"collection":[{"href":"https:\/\/tykkisluuppi.com\/swedish\/wp-json\/wp\/v2\/pages"}],"about":[{"href":"https:\/\/tykkisluuppi.com\/swedish\/wp-json\/wp\/v2\/types\/page"}],"author":[{"embeddable":true,"href":"https:\/\/tykkisluuppi.com\/swedish\/wp-json\/wp\/v2\/users\/1"}],"replies":[{"embeddable":true,"href":"https:\/\/tykkisluuppi.com\/swedish\/wp-json\/wp\/v2\/comments?post=147"}],"version-history":[{"count":15,"href":"https:\/\/tykkisluuppi.com\/swedish\/wp-json\/wp\/v2\/pages\/147\/revisions"}],"predecessor-version":[{"id":402,"href":"https:\/\/tykkisluuppi.com\/swedish\/wp-json\/wp\/v2\/pages\/147\/revisions\/402"}],"wp:attachment":[{"href":"https:\/\/tykkisluuppi.com\/swedish\/wp-json\/wp\/v2\/media?parent=147"}],"curies":[{"name":"wp","href":"https:\/\/api.w.org\/{rel}","templated":true}]}}