{"id":145,"date":"2021-02-15T15:23:26","date_gmt":"2021-02-15T15:23:26","guid":{"rendered":"http:\/\/tykkisluuppi.com\/swedish\/?page_id=145"},"modified":"2022-05-09T11:28:21","modified_gmt":"2022-05-09T11:28:21","slug":"sekretesspolicy","status":"publish","type":"page","link":"https:\/\/tykkisluuppi.com\/swedish\/sekretesspolicy\/","title":{"rendered":"Sekretesspolicy"},"content":{"rendered":"<div class=\"wrapper\">\n<div class=\"container\">\n<div class=\"content_block row no-sidebar\">\n<div class=\"fl-container \">\n<div class=\"posts-block \">\n<div class=\"contentarea\">\n<div class=\"vc_row wpb_row vc_row-fluid\">\n<div class=\"wpb_column vc_column_container vc_col-sm-12\">\n<div class=\"vc_column-inner \">\n<div class=\"wpb_wrapper\">\n<div id=\"ultimate-heading-93196034b6bc2502e\" class=\"uvc-heading ult-adjust-bottom-margin ultimate-heading-93196034b6bc2502e uvc-9305 \" data-hspacer=\"no_spacer\" data-halign=\"center\">\n<div class=\"uvc-main-heading ult-responsive\" data-ultimate-target=\".uvc-heading.ultimate-heading-93196034b6bc2502e h2\" data-responsive-json-new=\"{&quot;font-size&quot;:&quot;&quot;,&quot;line-height&quot;:&quot;&quot;}\">\n<h2>Integritetspolicy<\/h2>\n<\/div>\n<div class=\"uvc-sub-heading ult-responsive\" data-ultimate-target=\".uvc-heading.ultimate-heading-93196034b6bc2502e .uvc-sub-heading \" data-responsive-json-new=\"{&quot;font-size&quot;:&quot;&quot;,&quot;line-height&quot;:&quot;&quot;}\">\n<p>&nbsp;<\/p>\n<p>Samfundet Ehrensv\u00e4rd rf, kundregister<\/p>\n<p><strong><br \/>\n1. Personuppgiftsansvarig<\/strong><\/p>\n<p>Samfundet Ehrensv\u00e4rd rf (FO-nummer: 0220249-0)<br \/>\nSveaborg B 40<br \/>\n00190 Helsingfors<\/p>\n<p><strong><br \/>\n2. Dataskyddsombud<\/strong><\/p>\n<p>Namn: Timo Uolamo<br \/>\nPostadress: Sveaborg B 40, 00190 Sveaborg<br \/>\nE-post: guidebooking@suomenlinnatours.com<br \/>\nTelefon: +358 9-68999850<\/p>\n<p><strong><br \/>\n3. Den personuppgiftsansvariges kontaktuppgifter:<br \/>\n<\/strong><\/p>\n<p>Namn: Timo Uolamo<br \/>\nPostadress: Sveaborg B 40, 00190 Sveaborg<br \/>\nE-post: guidebooking@suomenlinnatours.com<br \/>\nTelefon: +358 9-68999850<\/p>\n<p><strong><br \/>\n4. Kunduppgifter som samlas in och datak\u00e4llor<br \/>\n<\/strong><\/p>\n<p>Bokning, k\u00f6p och anv\u00e4ndning av samfundet Ehrensv\u00e4rds och dess dotterbolag Suomenlinnan Matkailuexpert Oy:s<br \/>\nprodukter och tj\u00e4nster f\u00f6ruts\u00e4tter att vissa personuppgifter l\u00e4mnas. Dina personuppgifter kan samlas p\u00e5 olika s\u00e4tt. I<br \/>\nhuvudsak samlar vi in och behandla personuppgifter som vi i f\u00f6rsta hand f\u00e5r:<\/p>\n<p>Av kunden sj\u00e4lv i samband med best\u00e4llning och registrering samt i samband med k\u00f6p och anv\u00e4ndning av<br \/>\ntj\u00e4nster via internet, per telefon, genom anv\u00e4ndning av kundkort, via e-post eller p\u00e5 motsvarande s\u00e4tt; i<br \/>\nn\u00e4tbutiken eller kassan; n\u00e4r kunden best\u00e4ller v\u00e5rt nyhetsbrev eller kontaktar oss f\u00f6r att beg\u00e4ra en offert eller<br \/>\ninformation;<\/p>\n<p>Genereras n\u00e4r du anv\u00e4nder tj\u00e4nsten eller bes\u00f6ker webbplatsen, t.ex. n\u00e4r du loggar in i tj\u00e4nsten, eller med<br \/>\nhj\u00e4lp av kakor eller motsvarande teknik;<\/p>\n<p>Vi kan ocks\u00e5 h\u00e4mta uppgifter fr\u00e5n andra k\u00e4llor i den m\u00e5n till\u00e4mpliga lagar till\u00e5ter, exempelvis men inte begr\u00e4nsat till<br \/>\nHandelsregistret, Befolkningsdatasystemet, F\u00f6retags- och organisationsdatasystemet eller Postis adressdatasystem.<\/p>\n<p>Du m\u00e5ste inte l\u00e4mna dina personuppgifter till oss, men om du inte g\u00f6r det \u00e4r det inte s\u00e4kert att vi kan erbjuda v\u00e5r<br \/>\ntj\u00e4nst till dig.<\/p>\n<p><strong><br \/>\nVi samlar in och behandlar exempelvis f\u00f6ljande kategorier av personuppgifter:<br \/>\n<\/strong><\/p>\n<p>Grundl\u00e4ggande uppgifter s\u00e5som namn, kontaktuppgifter (e-postadress, adress och telefonnummer, \u00e5lder) samt<br \/>\nvalt spr\u00e5k<\/p>\n<p>Uppgifter om kundrelationen s\u00e5som uppgifter om en tj\u00e4nst och\/eller produkt och best\u00e4llning, betalnings- och<br \/>\ntransaktionsuppgifter, faktureringsuppgifter, samtycke till och f\u00f6rbud mot marknadsf\u00f6ring;<\/p>\n<p>Kundkontakter med tillh\u00f6rande korrespondens och anteckningar om de registrerades r\u00e4ttigheter;<\/p>\n<p>Personuppgifter som genereras i samband med anv\u00e4ndning av v\u00e5r tj\u00e4nst eller v\u00e5r webbplats, t.ex. Anv\u00e4ndarnamn,<br \/>\nl\u00f6senord, autentiseringsuppgifter, logguppgifter om anv\u00e4ndning av tj\u00e4nsten, uppgifter som samlas in med hj\u00e4lp av kakor eller liknande teknologier p\u00e5 v\u00e5r webbplats (enhets-ID och -typ, operativsystem och applikationsinst\u00e4llningar); och<\/p>\n<p>Andra uppgifter som definieras fr\u00e5n fall till fall enligt ditt samtycke, exempelvis vid behov uppgifter som kr\u00e4vs f\u00f6r<br \/>\natt producera tj\u00e4nsten, t.ex. Allergier eller motsvarande uppgift.<\/p>\n<p><strong><br \/>\nKakor<br \/>\n<\/strong><\/p>\n<p>Vi anv\u00e4nder oss av kakor och liknande teknologi p\u00e5 v\u00e5r webbplats. Kakor \u00e4r sm\u00e5 textfiler som sparas p\u00e5 din enhet f\u00f6r<br \/>\natt samla in och spara nyttig information f\u00f6r att f\u00f6rb\u00e4ttra funktionerna och anv\u00e4ndarv\u00e4nligheten p\u00e5 v\u00e5r webbplats.<br \/>\nVi kan \u00e4ven anv\u00e4nda oss av kakor och liknande teknologi f\u00f6r statistiska \u00e4ndam\u00e5l, t.ex. f\u00f6r att skapa statistik \u00f6ver<br \/>\nanv\u00e4ndningen av v\u00e5r webbplats f\u00f6r att vi ska kunna bilda oss en uppfattning om hur anv\u00e4ndarna anv\u00e4nder v\u00e5r<br \/>\nwebbplats eller f\u00f6r att f\u00f6rb\u00e4ttra kundupplevelsen.<\/p>\n<p>Du kan st\u00e4nga av eller begr\u00e4nsa anv\u00e4ndningen av kakor eller radera kakorna i din webbl\u00e4sare. Eftersom kakor g\u00f6r<br \/>\ndet m\u00f6jligt att anv\u00e4nda v\u00e5r webbplats kan begr\u00e4nsning av anv\u00e4ndningen av kakor p\u00e5verka webbplatsens<br \/>\nanv\u00e4ndbarhet.<\/p>\n<p><strong><br \/>\n5. Syftet med och den juridiska grunden f\u00f6r behandling av personuppgifter<\/strong><\/p>\n<p>Behandlingen av personuppgifter bygger normalt sett p\u00e5 t.ex. den registrerades samtycke, den<br \/>\npersonuppgiftsansvariges lagliga r\u00e4tt eller uppfyllandet av ett avtal d\u00e4r den registrerade \u00e4r part.<\/p>\n<p>Vi samlar in och behandlar endast personuppgifter som kr\u00e4vs f\u00f6r att ut\u00f6va v\u00e5r n\u00e4ringsverksamhet, sk\u00f6ta<br \/>\nkundrelationer och f\u00f6r sakliga kommersiella \u00e4ndam\u00e5l.<\/p>\n<p>Vi behandlar dina personuppgifter p\u00e5 grundval av dataskyddslagstiftningen f\u00f6r f\u00f6ljande \u00e4ndam\u00e5l:<\/p>\n<p><strong><br \/>\nTillhandah\u00e5llande av tj\u00e4nsten och hantering av kundrelationer<br \/>\n<\/strong><\/p>\n<p>Vi behandlar personuppgifter i f\u00f6rsta hand f\u00f6r att erbjuda och tillhandah\u00e5lla v\u00e5ra tj\u00e4nster och produkter f\u00f6r dig<br \/>\neller f\u00f6r f\u00f6retag\/organisationer som du f\u00f6retr\u00e4der. F\u00f6r att kunna g\u00f6ra detta uppr\u00e4tth\u00e5ller och sk\u00f6ter vi<br \/>\nkundrelationen mellan dig och oss eller mellan f\u00f6retaget\/organisationen som du f\u00f6retr\u00e4der och oss. I detta fall<br \/>\nbygger behandlingen av personuppgifter p\u00e5 ett avtal mellan dig och oss och eller dig och f\u00f6retaget\/organisationen<br \/>\nsom du f\u00f6retr\u00e4der.<\/p>\n<p>Till exempel: N\u00e4r det handlar om uppgifter om kunder och anv\u00e4ndare av n\u00e4tbutiken fram till genomf\u00f6rande av en<br \/>\nbest\u00e4llning beh\u00f6ver uppgifterna behandlas och sparas f\u00f6r att kunna genomf\u00f6ra avtalet och vidta \u00e5tg\u00e4rder som kr\u00e4vs<br \/>\nf\u00f6re avtalet (bl.a. att sk\u00f6ta kundrelationen, best\u00e4llningar, fakturering, betalningskontroll, beviljande av betalningstid<br \/>\noch indrivning, kundkommunikation). N\u00e4r det g\u00e4ller kunder efter ett genomf\u00f6rt avtal och personer som l\u00e4mnat sina<br \/>\nuppgifter f\u00f6r marknadsf\u00f6rings\u00e4ndam\u00e5l (t.ex. t\u00e4vlingsdeltagare och nyhetsbrevsprenumeranter) beh\u00f6ver uppgifterna<br \/>\nbehandlas f\u00f6r att uppfylla den personuppgiftsansvariges lagliga r\u00e4tt (bl.a. att sk\u00f6ta, utveckla och analyser<br \/>\nkundrelationer, kundkommunikation, planering och uppf\u00f6ljning av verksamheten).<\/p>\n<p><strong><br \/>\nUtveckling av tj\u00e4nster och produkter, dataskydd och intern rapportering<br \/>\n<\/strong><\/p>\n<p>Vi behandlar personuppgifter \u00e4ven f\u00f6r att ombes\u00f6rja dataskyddet f\u00f6r tj\u00e4nsterna, produkterna och webbplatsen f\u00f6r<br \/>\natt f\u00f6rb\u00e4ttra kvaliteten hos tj\u00e4nsten och webbplatsen samt f\u00f6r att utveckla tj\u00e4nsterna och produkterna. Vi kan \u00e4ven<br \/>\nanv\u00e4nda personuppgifter f\u00f6r att sammanst\u00e4lla interna rapporter f\u00f6r ledningen och v\u00e5ra olika aff\u00e4rsenheter f\u00f6r<br \/>\nadekvat ledning av v\u00e5r n\u00e4ringsverksamhet. Vi segmenterar v\u00e5ra kunder f\u00f6r marknadsf\u00f6rings\u00e4ndam\u00e5l t.ex. utifr\u00e5n<br \/>\nanv\u00e4ndningen av v\u00e5ra tj\u00e4nster och\/eller hur man uppf\u00f6r sig p\u00e5 v\u00e5r webbplats. I dessa fall bygger behandlingen av<br \/>\npersonuppgifter p\u00e5 v\u00e5r lagliga r\u00e4tt att s\u00e4kerst\u00e4lla adekvat dataskydd f\u00f6r v\u00e5ra tj\u00e4nster och v\u00e5r webbplats samt att<br \/>\ninh\u00e4mta tillr\u00e4ckliga och adekvata uppgifter f\u00f6r utveckling av tj\u00e4nsterna och ledning av v\u00e5r n\u00e4ringsverksamhet.<\/p>\n<p><strong><br \/>\nLagefterlevnad<br \/>\n<\/strong><\/p>\n<p>Vi kan behandla dina personuppgifter f\u00f6r att uppfylla v\u00e5ra lagenliga skyldigheter t.ex. avseende bokf\u00f6ring eller f\u00f6r<br \/>\natt svara p\u00e5 myndigheternas (t.ex. skattemyndigheten) lagenliga beg\u00e4ran om information..<\/p>\n<p><strong><br \/>\nKundprofilering<br \/>\n<\/strong><\/p>\n<p>Vi samlar in statistisk information bland annat om anv\u00e4ndning av tj\u00e4nsterna p\u00e5 plats samt till kundsegmentering<br \/>\nn\u00e4r du bes\u00f6ker v\u00e5r webbplats f\u00f6r v\u00e5ra f\u00f6rs\u00e4ljningsprocesser samt f\u00f6r att utveckla tj\u00e4nsterna och produkterna.<\/p>\n<p><strong><br \/>\nMarknadsf\u00f6ring<br \/>\n<\/strong><\/p>\n<p>Vi kan kontakta dig f\u00f6r att ber\u00e4tta om nya egenskaper hos v\u00e5r tj\u00e4nst eller f\u00f6r att marknadsf\u00f6ra och s\u00e4lja andra<br \/>\ntj\u00e4nster till dig. Detta avser i f\u00f6rsta hand nyhetsbrevsprenumeranter. Vi kan \u00e4ven behandla dina personuppgifter f\u00f6r kundenk\u00e4ter (insamling av kundfeedback). Behandlingen av personuppgifter bygger p\u00e5 v\u00e5r lagliga r\u00e4tt att erbjuda dig information som en del av tj\u00e4nsten samt f\u00f6r att marknadsf\u00f6ra v\u00e5ra \u00f6vriga tj\u00e4nster till dig. Du har enligt lagen r\u00e4tt att n\u00e4r som helst mots\u00e4tta dig behandling av dina personuppgifter f\u00f6r direktmarknadsf\u00f6ring (se \u00e4ven stycke 9).<\/p>\n<p><strong><br \/>\n6. Personuppgiftsbitr\u00e4den<\/strong><\/p>\n<p>Personuppgifterna behandlas enbart av personer som Samfundet Ehrensv\u00e4rd s\u00e4rskilt gett beh\u00f6righet att behandla<br \/>\npersonuppgifter f\u00f6r att de ska kunna utf\u00f6ra sina arbetsuppgifter och f\u00f6r de \u00e4ndam\u00e5l och p\u00e5 de grunder som framg\u00e5r<br \/>\nav denna policy. Personuppgifterna behandlas endast i den omfattning som behandlingen kr\u00e4ver. (Se \u00e4ven stycke 7.)<\/p>\n<p><strong><br \/>\n7. \u00d6verf\u00f6ring och utl\u00e4mnande av personuppgifter<\/strong><\/p>\n<p>Vi kan \u00f6verf\u00f6ra dina personuppgifter inom koncernen (Samfundet Ehrensv\u00e4rd rf och dess dotterbolag<br \/>\nSuomenlinnan Matkailuexpert Oy) med st\u00f6d i v\u00e5r lagliga r\u00e4tt om det finns s\u00e4rskilda sk\u00e4l d\u00e4rtill.<\/p>\n<p>Vi kan l\u00e4mna ut dina personuppgifter i f\u00f6ljande fall:<\/p>\n<p>i den omfattning som lagen till\u00e5ter eller kr\u00e4ver, t.ex. f\u00f6r att besvara en beg\u00e4ran om information fr\u00e5n en<br \/>\nbeh\u00f6rig myndighet eller i samband med en r\u00e4tteg\u00e5ng;<\/p>\n<p>n\u00e4r vi anv\u00e4nder oss av externa tj\u00e4nsteproducenter f\u00f6r behandling av och som st\u00f6d i behandlingen av<br \/>\npersonuppgifter. S\u00e5dana situationer \u00e4r exempelvis administration och st\u00f6d av IT-system; anlitande av en<br \/>\ntj\u00e4nsteproducent f\u00f6r betalnings-, fakturerings- och bokf\u00f6ringstj\u00e4nster p\u00e5 den personuppgiftsansvariges<br \/>\nuppdrag. Vi anlitar endast s\u00e5dana personuppgiftsbitr\u00e4den som vidtar adekvata skydds\u00e5tg\u00e4rder och<br \/>\ns\u00e4kerst\u00e4ller att behandlingen uppfyller dataskyddslagstiftningens krav. Till kunden l\u00e4mnar vi p\u00e5 kundens<br \/>\nbeg\u00e4ran namn och kontaktuppgifter till tj\u00e4nsteproducenter som behandlar personuppgifter s\u00e5 att kunden,<br \/>\nom han\/hon s\u00e5 \u00f6nskar, kan bekanta sig med det ifr\u00e5gavarande f\u00f6retagets integritetspolicy;<\/p>\n<p>om vi \u00e4r en del av en fusion, omorganisation eller f\u00f6retagsf\u00f6rv\u00e4rv, komplett eller partiellt;<\/p>\n<p>n\u00e4r vi tror att utl\u00e4mnandet \u00e4r n\u00f6dv\u00e4ndigt f\u00f6r att uppfylla v\u00e5ra r\u00e4ttigheter, f\u00f6r att skydda dig eller andra,<br \/>\nf\u00f6r att unders\u00f6ka missbruk eller f\u00f6r att besvara en myndighetsf\u00f6rfr\u00e5gan;<\/p>\n<p>med ditt samtycke till parter som samtycket avser.<\/p>\n<p class=\"p1\">Uppgifterna \u00f6verf\u00f6rs inte och l\u00e4mnas inte ut utanf\u00f6r EU, Europeiska ekonomiska samarbetsomr\u00e5det eller<br \/>\nl\u00e4nder som EU-kommissionen har konstaterat har tillr\u00e4ckligt h\u00f6g niv\u00e5 av dataskydd, med undantag av f\u00f6retag<br \/>\nsom anslutit sig till Privacy Shield-samarbetet mellan EU och USA. Google Analytics-kakor som anv\u00e4nds p\u00e5 v\u00e5r<br \/>\nwebbplats \u00e4r en del av de sistn\u00e4mnda. Uppgifterna som samlas in med hj\u00e4lp av dessa kakor \u00f6verf\u00f6rs till och<br \/>\nsparas p\u00e5 Googles servrar varav en del kan ligga utanf\u00f6r EU. Google Inc. har anslutit sig till Privacy Shield-<br \/>\nsamarbetet mellan EU och USA. Uppgifterna \u00f6verf\u00f6rs p\u00e5 ett s\u00e4kert och lagenligt s\u00e4tt, enligt EU-kommissionens<br \/>\nbeslut om tillr\u00e4ckligt h\u00f6g niv\u00e5 av dataskydd. Uppgifterna sparas i 26 m\u00e5nader.<\/p>\n<p><strong><br \/>\n8. F\u00f6rvaring av personuppgifter<\/strong><\/p>\n<p>Personuppgifterna sparas endast s\u00e5 l\u00e4nge som det kr\u00e4vs f\u00f6r att uppfylla \u00e4ndam\u00e5len i denna integritetspolicy.<\/p>\n<p>Personuppgifterna sparas i f\u00f6rsta hand s\u00e5 l\u00e4nge kundrelationen varar. Personuppgifterna kan i n\u00f6dv\u00e4ndiga delar<br \/>\n\u00e4ven sparas efter avslutad kundrelation i den omfattning som till\u00e4mpliga lagar medger eller kr\u00e4ver. Vi kan<br \/>\nexempelvis \u00e4ven spara personuppgifter i n\u00f6dv\u00e4ndiga delar f\u00f6r att f\u00f6lja ditt f\u00f6rbud mot direktmarknadsf\u00f6ring samt<br \/>\nf\u00f6r att utveckla v\u00e5ra tj\u00e4nster.<\/p>\n<p>Personuppgifterna raderas eller anonymiseras n\u00e4r lagen eller n\u00e5gon parts r\u00e4ttigheter eller skyldigheter inte l\u00e4ngre<br \/>\nkr\u00e4ver att personuppgifterna sparas.<\/p>\n<p><strong><br \/>\n9. Dina r\u00e4ttigheter<\/strong><\/p>\n<p>Du har r\u00e4tt att kontrollera dina personuppgifter. Du kan dessutom n\u00e4r som helst kr\u00e4va att dina personuppgifter<br \/>\nkorrigeras, uppdateras eller raderas. Observera dock att n\u00e4r den personuppgiftsansvarige har en lagenlig skyldighet<br \/>\neller r\u00e4ttighet att spara uppgifterna kan dessa inte raderas.<\/p>\n<p>Du har r\u00e4tt att mots\u00e4tta dig eller begr\u00e4nsa behandlingen av dina personuppgifter i den omfattning som till\u00e4mplig<br \/>\nlag medger.<\/p>\n<p>N\u00e4r vi behandlar dina personuppgifter enligt ett samtycke har du r\u00e4tt att n\u00e4r som helst \u00e5terkalla ditt samtycke. Vi<br \/>\nbehandlar inte dina personuppgifter d\u00e4refter om det inte finns annan laglig grund d\u00e4rtill.<\/p>\n<p>Den registrerade har r\u00e4tt att kontrollera vilka uppgifter om honom\/henne som sparats i registret. Beg\u00e4ran om<br \/>\ns\u00e5dan kontroll ska skickas skriftligt till dataskyddsombudet eller beg\u00e4ran om detta ska l\u00e4mnas till v\u00e5r kundtj\u00e4nst.<\/p>\n<p>Du har r\u00e4tt att f\u00e5 de uppgifter som vi har om dig i en organiserad och allm\u00e4nt anv\u00e4nd form s\u00e5 att du kan \u00f6verf\u00f6ra<br \/>\ndina uppgifter till en annan personuppgiftsansvarig. Denna r\u00e4ttighet avser uppgifterna som \u00e4r i elektroniskt format<br \/>\noch behandlingen av vilka bygger p\u00e5 samtycke eller uppfyllandet av ett avtal.<\/p>\n<p>Du kan anv\u00e4nda dig av dina r\u00e4ttigheter genom att skicka din beg\u00e4ran till oss till adressen guidebooking@suomenlinnatours.com eller genom att bes\u00f6ka v\u00e5rt kontor.<\/p>\n<p><strong><br \/>\n10. Datas\u00e4kerhet<\/strong><\/p>\n<p>Vi vidtar \u00e4ndam\u00e5lsenliga \u00e5tg\u00e4rder (inklusive fysiska, digitala och administrativa s\u00e5dana) f\u00f6r att skydda dina<br \/>\npersonuppgifter mot f\u00f6rsvinnande, f\u00f6rst\u00f6rande, missbruk och obeh\u00f6rig \u00e5tkomst och obeh\u00f6rigt utl\u00e4mnande.<br \/>\nPersonuppgifterna behandlas endast av personer som Samfundet Ehrensv\u00e4rd s\u00e4rskilt gett beh\u00f6righet att behandla<br \/>\npersonuppgifterna. (Se \u00e4ven stycke 6.)<\/p>\n<p>Observera att inte ens \u00e4ndam\u00e5lsenliga \u00e5tg\u00e4rder kan f\u00f6rebygga alla m\u00f6jliga personuppgiftsincidenter. N\u00e4r en<br \/>\npersonuppgiftsincident intr\u00e4ffar informerar vi dig enligt till\u00e4mpliga lagar.<\/p>\n<p><strong><br \/>\n11. \u00c4ndring av integritetspolicyn<\/strong><\/p>\n<p>Vi f\u00f6rbeh\u00e5ller oss r\u00e4tten att \u00e4ndra denna integritetspolicy.<\/p>\n<p><strong><br \/>\n12. Kontakt<\/strong><\/p>\n<p>Du kan st\u00e4lla fr\u00e5gor om denna policy eller om behandlingen av dina personuppgifter genom att kontakta oss p\u00e5<br \/>\nguidebooking@suomenlinnatours.com eller genom att bes\u00f6ka v\u00e5rt kontor.<\/p>\n<p>&nbsp;<\/p>\n<\/div>\n<\/div>\n<\/div>\n<\/div>\n<\/div>\n<\/div>\n<div class=\"clea_r\"><\/div>\n<\/div>\n<\/div>\n<\/div>\n<div class=\"clear\"><\/div>\n<\/div>\n<\/div>\n<\/div>\n<div class=\"footer type2\">\n<div class=\"footer_bottom\">\n<div class=\"container\">\n<div class=\"foot_info_block\">\n<div class=\"logo_sect\"><\/div>\n<\/div>\n<\/div>\n<\/div>\n<\/div>\n","protected":false},"excerpt":{"rendered":"<p>Integritetspolicy &nbsp; Samfundet Ehrensv\u00e4rd rf, kundregister 1. Personuppgiftsansvarig Samfundet Ehrensv\u00e4rd rf (FO-nummer: 0220249-0) Sveaborg B 40 00190 Helsingfors 2. Dataskyddsombud Namn: Timo Uolamo Postadress: Sveaborg B 40, 00190 Sveaborg E-post: guidebooking@suomenlinnatours.com Telefon: +358 9-68999850 3. Den personuppgiftsansvariges kontaktuppgifter: Namn: Timo Uolamo Postadress: Sveaborg B 40, 00190 Sveaborg E-post: guidebooking@suomenlinnatours.com Telefon: +358 9-68999850 4. Kunduppgifter som [&hellip;]<\/p>\n","protected":false},"author":1,"featured_media":0,"parent":0,"menu_order":0,"comment_status":"closed","ping_status":"closed","template":"","meta":{"footnotes":""},"class_list":["post-145","page","type-page","status-publish","hentry"],"acf":[],"_links":{"self":[{"href":"https:\/\/tykkisluuppi.com\/swedish\/wp-json\/wp\/v2\/pages\/145","targetHints":{"allow":["GET"]}}],"collection":[{"href":"https:\/\/tykkisluuppi.com\/swedish\/wp-json\/wp\/v2\/pages"}],"about":[{"href":"https:\/\/tykkisluuppi.com\/swedish\/wp-json\/wp\/v2\/types\/page"}],"author":[{"embeddable":true,"href":"https:\/\/tykkisluuppi.com\/swedish\/wp-json\/wp\/v2\/users\/1"}],"replies":[{"embeddable":true,"href":"https:\/\/tykkisluuppi.com\/swedish\/wp-json\/wp\/v2\/comments?post=145"}],"version-history":[{"count":4,"href":"https:\/\/tykkisluuppi.com\/swedish\/wp-json\/wp\/v2\/pages\/145\/revisions"}],"predecessor-version":[{"id":410,"href":"https:\/\/tykkisluuppi.com\/swedish\/wp-json\/wp\/v2\/pages\/145\/revisions\/410"}],"wp:attachment":[{"href":"https:\/\/tykkisluuppi.com\/swedish\/wp-json\/wp\/v2\/media?parent=145"}],"curies":[{"name":"wp","href":"https:\/\/api.w.org\/{rel}","templated":true}]}}