{"id":143,"date":"2021-02-15T15:22:51","date_gmt":"2021-02-15T15:22:51","guid":{"rendered":"http:\/\/tykkisluuppi.com\/swedish\/?page_id=143"},"modified":"2022-05-09T11:27:32","modified_gmt":"2022-05-09T11:27:32","slug":"roddturer","status":"publish","type":"page","link":"https:\/\/tykkisluuppi.com\/swedish\/roddturer\/","title":{"rendered":"Roddturer"},"content":{"rendered":"<p>Reservera kanonslupen Diana f\u00f6r er grupp f\u00f6r en egen roddtur!<\/p>\n<hr \/>\n<p><img loading=\"lazy\" decoding=\"async\" class=\"alignleft size-full wp-image-101\" src=\"http:\/\/tykkisluuppi.com\/swedish\/wp-content\/uploads\/sites\/2\/2021\/02\/page-pic8.jpg\" alt=\"\" width=\"370\" height=\"450\" srcset=\"https:\/\/tykkisluuppi.com\/swedish\/wp-content\/uploads\/sites\/2\/2021\/02\/page-pic8.jpg 370w, https:\/\/tykkisluuppi.com\/swedish\/wp-content\/uploads\/sites\/2\/2021\/02\/page-pic8-247x300.jpg 247w\" sizes=\"auto, (max-width: 370px) 100vw, 370px\" \/><\/p>\n<h2><strong>Rodd till Sveaborg<\/strong><\/h2>\n<p>Hur skulle det k\u00e4nnas att ro en kanonslup som ingick i sk\u00e4rg\u00e5rdsflottan p\u00e5 1700-talet? Kanonslupen Diana kan ros med stora t\u00e4ljda tr\u00e4\u00e5ror p\u00e5 samma s\u00e4tt som dess f\u00f6reg\u00e5ngare under upplysningstiden. En rodd\u00f6vning med slupen i vattnen n\u00e4rmast runt Sveaborg \u00e4r ett sp\u00e4nnande \u00e4ventyr f\u00f6r grupper, som med gemensam muskelkraft vill s\u00e4tta fartyget i r\u00f6relse. Deltagandet i roddturen kr\u00e4ver en bra grundkondition samt stadiga l\u00e5ga skor och kl\u00e4dsel som l\u00e4mpar sig f\u00f6r motion.<\/p>\n<hr \/>\n<div class=\"hgltbox\">Roddturen r\u00e4cker ca. tv\u00e5 timmar. Till roddturen kan ni ocks\u00e5 boka en historisk bes\u00e4ttning som s\u00e4tter takten f\u00f6r rodden. Gruppens storlek f\u00e5r vara max 30-40 personer beroende p\u00e5 programmet. Pris fr\u00e5n 1500 euro + moms 10%.<\/div>\n<hr \/>\n<p><img loading=\"lazy\" decoding=\"async\" class=\"wp-image-67 size-medium alignleft\" src=\"http:\/\/tykkisluuppi.com\/swedish\/wp-content\/uploads\/sites\/2\/2021\/02\/feat-block-bg2-300x177.jpg\" alt=\"\" width=\"300\" height=\"177\" data-wp-editing=\"1\" srcset=\"https:\/\/tykkisluuppi.com\/swedish\/wp-content\/uploads\/sites\/2\/2021\/02\/feat-block-bg2-300x177.jpg 300w, https:\/\/tykkisluuppi.com\/swedish\/wp-content\/uploads\/sites\/2\/2021\/02\/feat-block-bg2-768x453.jpg 768w, https:\/\/tykkisluuppi.com\/swedish\/wp-content\/uploads\/sites\/2\/2021\/02\/feat-block-bg2.jpg 1000w\" sizes=\"auto, (max-width: 300px) 100vw, 300px\" \/><\/p>\n<p><strong>Observera:<\/strong> Diana \u00e4r en \u00f6ppen b\u00e5t, s\u00e5 det \u00e4r viktigt att ha med sig v\u00e4derm\u00e4ssig utrustning. Ute p\u00e5 havet kan det vara bl\u00e5sigt och d\u00e4rmed kyligt \u00e4ven en varm dag. Vi rekommenderar varm och bekv\u00e4m fritidskl\u00e4dsel samt l\u00e5ga skor. Det \u00e4r bra att ha med sig regnkappa ifall att det skulle regna. Ta g\u00e4rna med \u00e4ven en vattenflaska. Barn kan delta endast i sk\u00e4llskap av en vuxen.<\/p>\n<hr \/>\n<p><strong>F\u00f6rfr\u00e5gningar:<\/strong> Samfundet Ehrensv\u00e4rd rf <span class=\"phoneno\"><span class=\"sr-only\">Phone number<\/span>09-68999850<\/span>, <a class=\"emaillink\" href=\"mailto:guidebooking@suomenlinnatours.com\"><span class=\"sr-only\">Email address<\/span>guidebooking (at) suomenlinnatours.com<\/a><\/p>\n<p>Vi begr\u00e4nsar v\u00e5rt ansvar f\u00f6r att organisera programmet i enlighet med sj\u00f6fartslagen. Vi f\u00f6rbeh\u00e5ller oss r\u00e4tten att g\u00f6ra \u00e4ndringar i informationen.<\/p>\n","protected":false},"excerpt":{"rendered":"<p>Reservera kanonslupen Diana f\u00f6r er grupp f\u00f6r en egen roddtur! Rodd till Sveaborg Hur skulle det k\u00e4nnas att ro en kanonslup som ingick i sk\u00e4rg\u00e5rdsflottan p\u00e5 1700-talet? Kanonslupen Diana kan ros med stora t\u00e4ljda tr\u00e4\u00e5ror p\u00e5 samma s\u00e4tt som dess f\u00f6reg\u00e5ngare under upplysningstiden. En rodd\u00f6vning med slupen i vattnen n\u00e4rmast runt Sveaborg \u00e4r ett sp\u00e4nnande [&hellip;]<\/p>\n","protected":false},"author":1,"featured_media":0,"parent":0,"menu_order":0,"comment_status":"closed","ping_status":"closed","template":"","meta":{"footnotes":""},"class_list":["post-143","page","type-page","status-publish","hentry"],"acf":[],"_links":{"self":[{"href":"https:\/\/tykkisluuppi.com\/swedish\/wp-json\/wp\/v2\/pages\/143","targetHints":{"allow":["GET"]}}],"collection":[{"href":"https:\/\/tykkisluuppi.com\/swedish\/wp-json\/wp\/v2\/pages"}],"about":[{"href":"https:\/\/tykkisluuppi.com\/swedish\/wp-json\/wp\/v2\/types\/page"}],"author":[{"embeddable":true,"href":"https:\/\/tykkisluuppi.com\/swedish\/wp-json\/wp\/v2\/users\/1"}],"replies":[{"embeddable":true,"href":"https:\/\/tykkisluuppi.com\/swedish\/wp-json\/wp\/v2\/comments?post=143"}],"version-history":[{"count":7,"href":"https:\/\/tykkisluuppi.com\/swedish\/wp-json\/wp\/v2\/pages\/143\/revisions"}],"predecessor-version":[{"id":409,"href":"https:\/\/tykkisluuppi.com\/swedish\/wp-json\/wp\/v2\/pages\/143\/revisions\/409"}],"wp:attachment":[{"href":"https:\/\/tykkisluuppi.com\/swedish\/wp-json\/wp\/v2\/media?parent=143"}],"curies":[{"name":"wp","href":"https:\/\/api.w.org\/{rel}","templated":true}]}}