{"id":141,"date":"2021-02-15T15:21:20","date_gmt":"2021-02-15T15:21:20","guid":{"rendered":"http:\/\/tykkisluuppi.com\/swedish\/?page_id=141"},"modified":"2021-03-01T10:07:08","modified_gmt":"2021-03-01T10:07:08","slug":"skargardens-marin","status":"publish","type":"page","link":"https:\/\/tykkisluuppi.com\/swedish\/skargardens-marin\/","title":{"rendered":"Sk\u00e4rg\u00e5rdsflottan"},"content":{"rendered":"<h2>Sk\u00e4rg\u00e5rdsflottans bes\u00e4ttning<\/h2>\n<p><img loading=\"lazy\" decoding=\"async\" class=\"alignleft size-full wp-image-100\" src=\"http:\/\/tykkisluuppi.com\/swedish\/wp-content\/uploads\/sites\/2\/2021\/02\/page-pic7.jpg\" alt=\"\" width=\"370\" height=\"450\" srcset=\"https:\/\/tykkisluuppi.com\/swedish\/wp-content\/uploads\/sites\/2\/2021\/02\/page-pic7.jpg 370w, https:\/\/tykkisluuppi.com\/swedish\/wp-content\/uploads\/sites\/2\/2021\/02\/page-pic7-247x300.jpg 247w\" sizes=\"auto, (max-width: 370px) 100vw, 370px\" \/>Viaporikommandant Augustin Ehrensv\u00e4rd delade bes\u00e4ttningen p\u00e5 sk\u00e4rg\u00e5rdsflottan under arm\u00e9n i tv\u00e5 grupper: hans egna permanenta bes\u00e4ttning och l\u00e5nad bes\u00e4ttning. Den permanenta bes\u00e4ttningen uppr\u00e4tth\u00f6lls under b\u00e5de krig och fred och var ansvarig f\u00f6r sk\u00e4rg\u00e5rdsflottan. Den l\u00e5nade bes\u00e4ttningen beordrades i sin tur under kriget att f\u00f6rst\u00e4rka de permanenta styrkorna. Sk\u00e4rg\u00e5rdens eget bes\u00e4ttning bestod av aktereglade sj\u00f6m\u00e4n, rekryterade marina artilleritrupper, m\u00e4n insvept i rullar, resv\u00e4skor som rekryterades fr\u00e5n handelsfartyg, skeppspojkar, officerare, piloter och snickare. L\u00e5nad, den s\u00e5 kallade. den tillf\u00e4lliga bes\u00e4ttningen bestod i sin tur av arm\u00e9soldater som huvudsakligen var ansvariga f\u00f6r rodd p\u00e5 sk\u00e4rg\u00e5rdens flottans fartyg. Infanterisoldater beh\u00f6vdes ocks\u00e5 i landningarna. Behovet av bes\u00e4ttning varierade kraftigt vid olika tidpunkter. Detta berodde bland annat p\u00e5 krig, sk\u00e4rg\u00e5rdsflottans tillv\u00e4xt och nya typer av fartyg som kr\u00e4vde mindre bes\u00e4ttning.<\/p>\n<hr \/>\n<h2>Bes\u00e4ttningen p\u00e5 kanonsluparna<\/h2>\n<p>Arm\u00e9nsoldater utgjorde mer \u00e4n h\u00e4lften av bes\u00e4ttningen p\u00e5 sk\u00e4rg\u00e5rdsflottan under Gustav III-kriget. De flesta m\u00e4n i infanteri- och kavalleriregimenten var oerfarna sj\u00f6m\u00e4n, varf\u00f6r de huvudsakligen anv\u00e4ndes som roddare. I slaget vid Ruotsinsalmi 1790 tj\u00e4nade cirka 40 arm\u00e9soldater i ett kanonf\u00f6rstoringsglas och tog hand om rodd och landning. De kan ocks\u00e5 hj\u00e4lpa till med kanoner, nikhakor och roder. Dessutom hade ungef\u00e4r varannan sloop en arm\u00e9officer. Hela bes\u00e4ttningens bes\u00e4ttning, inklusive den permanenta bes\u00e4ttningen, bestod av cirka 50-60 man.<\/p>\n<p>F\u00f6rh\u00e5llandena i artillerislingorna var tr\u00e5nga; De 2,1 meter breda b\u00e4nkarna var avsedda f\u00f6r fyra roddare. Det var knappt 0,74 meter mellan b\u00e4nkarna. Bes\u00e4ttningsmedlemmar kunde lagra sina personliga tillh\u00f6righeter i ett utrymme mellan b\u00e4nkarna och sidorna, som var uppdelade i separata lagrar. Tj\u00e4nstem\u00e4n anv\u00e4nde akterkistor och deras d\u00e4ck som f\u00f6rvaringsplatser f\u00f6r att lagra sina tillh\u00f6righeter. Det fanns inget s\u00e4rskilt sovutrymme f\u00f6r bes\u00e4ttningen i de \u00f6ppna sluparna. \u00d6vernattningar \u00e4gde rum p\u00e5 land i t\u00e4lt eller bondg\u00e5rdar, ibland \u00e4ven p\u00e5 roddb\u00e4nkar. Bes\u00e4ttningsmat i artillerif\u00f6rstoraren hanterades fr\u00e5n speciella matlagningsb\u00e5tar eller tillverkades p\u00e5 \u00f6arna. En matlagningsb\u00e5t ansvarade alltid f\u00f6r 4-5 matvaror. M\u00e5ltiderna bestod huvudsakligen av gr\u00f6t, \u00e4rtor, torkat k\u00f6tt, saltad eller torkad fisk och h\u00e5rt r\u00e5gbr\u00f6d. Ibland erh\u00f6lls ocks\u00e5 f\u00e4rsk mat fr\u00e5n kusthus. Vin\u00e4ger blandades med dricksvattnet, vilket f\u00f6rb\u00e4ttrade vattnets kvalitet. Tobak och r\u00f6kv\u00e4tska som erh\u00f6lls i dagliga doser var allm\u00e4nna botemedel mot olika sjukdomar.<\/p>\n<p><img loading=\"lazy\" decoding=\"async\" class=\"aligncenter size-full wp-image-117\" src=\"http:\/\/tykkisluuppi.com\/swedish\/wp-content\/uploads\/sites\/2\/2021\/02\/page-pic24.jpg\" alt=\"\" width=\"730\" height=\"400\" srcset=\"https:\/\/tykkisluuppi.com\/swedish\/wp-content\/uploads\/sites\/2\/2021\/02\/page-pic24.jpg 730w, https:\/\/tykkisluuppi.com\/swedish\/wp-content\/uploads\/sites\/2\/2021\/02\/page-pic24-300x164.jpg 300w\" sizes=\"auto, (max-width: 730px) 100vw, 730px\" \/><\/p>\n<p>I de \u00f6ppna slopparna var bes\u00e4ttningen p\u00e5 l\u00e5nga roddturer helt och h\u00e5llet underkastad vind och regn och en g\u00e5ng kunde v\u00e5t utrustning inte l\u00e4tt torkas. Under tr\u00e5nga och fuktiga f\u00f6rh\u00e5llanden sprids sjukdomar snabbt fr\u00e5n en roddare till en annan. Spridningen av sjukdomar var sv\u00e5r att f\u00f6rebygga p\u00e5 grund av d\u00e5lig hygien. Halsont och diarr\u00e9 var vanliga sjukdomar bland snusbes\u00e4ttningar. De sjuka och de som skadades i strid \u00f6verf\u00f6rdes till speciella sjukb\u00e5tar, fr\u00e5n vilka de \u00f6verf\u00f6rdes fr\u00e5n land s\u00e5 snart som m\u00f6jligt f\u00f6r att f\u00e5 mer behandling. Det fanns inte heller n\u00e5gon ordentlig behandling i l\u00e4nderna; m\u00e4nnen kan ha varit tvungna att ligga p\u00e5 det kala golvet och det fanns inte tillr\u00e4ckligt med bojor eller f\u00f6rn\u00f6denheter. Landsjukhus, s\u00e5som Viapori-sjukhuset, fylldes snabbt med s\u00e5rade och sjuka m\u00e4n.<\/p>\n<h2>De v\u00e4rnpliktiga p\u00e5 kanonsluparna under kriget 1808-1809<\/h2>\n<p>I b\u00f6rjan av 1800-talet baserades det svenska f\u00f6rsvaret p\u00e5 en permanent arm\u00e9, fr\u00e4mst av svenska soldater. P\u00e5 grund av bristen p\u00e5 trupper beslutade Sveriges h\u00f6gsta ledning v\u00e5ren 1808 att mobilisera specialtrupper baserade p\u00e5 samh\u00e4llsomfattande milit\u00e4rtj\u00e4nst ut\u00f6ver dessa permanenta trupper. Alla unga i \u00e5ldrarna 18-25 kallades att f\u00f6rsvara Sverige tillsammans med de permanenta trupperna. Senare \u00e4ndrades \u00e5ldern f\u00f6r att t\u00e4cka endast 19-25-\u00e5ringar. Trupperna bestod av cirka 30 000 man, varav uppskattningsvis 4 000 tj\u00e4nade i \u00c5land och \u00c5bo sk\u00e4rg\u00e5rdar som roddare, fr\u00e4mst i artillerif\u00f6rstorare, men vissa ocks\u00e5 i st\u00f6rre kalibrar.<\/p>\n<p><img loading=\"lazy\" decoding=\"async\" class=\"alignleft size-full wp-image-113\" src=\"http:\/\/tykkisluuppi.com\/swedish\/wp-content\/uploads\/sites\/2\/2021\/02\/page-pic20.jpg\" alt=\"\" width=\"370\" height=\"450\" srcset=\"https:\/\/tykkisluuppi.com\/swedish\/wp-content\/uploads\/sites\/2\/2021\/02\/page-pic20.jpg 370w, https:\/\/tykkisluuppi.com\/swedish\/wp-content\/uploads\/sites\/2\/2021\/02\/page-pic20-247x300.jpg 247w\" sizes=\"auto, (max-width: 370px) 100vw, 370px\" \/><\/p>\n<p>De v\u00e4rnpliktiga fick n\u00e5gra veckors utbildning. Det fanns inte tillr\u00e4ckligt med gev\u00e4r f\u00f6r alla, och inte heller fick m\u00e4nnen uniformer, men var tvungna att n\u00f6ja sig med sina egna kl\u00e4der. Avg\u00e5ngen fr\u00e5n hemlandet \u00e4gde rum i juni-juli, s\u00e5 m\u00e5nga hade kl\u00e4tt sig v\u00e4ldigt l\u00e4tt. De v\u00e4rnpliktiga var inte utrustade f\u00f6r att vara till sj\u00f6ss f\u00f6rr\u00e4n i november. I hemregionerna genomf\u00f6rdes kl\u00e4dsamlingar till f\u00f6rm\u00e5n f\u00f6r frysande soldater. P\u00e5 h\u00f6gre niv\u00e5 utformades uniformer f\u00f6r soldater, men den o\u00e4ndliga utformningen av detaljerna hindrade uniformerna fr\u00e5n att skickas till soldater som lider av kyla. Orsaken till m\u00e5nga d\u00f6dsfall var inte bara otillr\u00e4cklig kl\u00e4dsel och f\u00f6rkylning utan ocks\u00e5 sjukdom. \u201dLantv\u00e4rnsjukan\u201d, som var en generisk beteckning f\u00f6r sjukdomar som drabbats av soldater, spred sig snabbt ocks\u00e5 till civilbefolkningen. Under kampanjen var matf\u00f6rs\u00f6rjningen ofta besv\u00e4rlig och matb\u00e5tarna hade sv\u00e5rt att mata bes\u00e4ttningarna p\u00e5 alla artillerilupparna. Disciplin\u00e4ra problem var ocks\u00e5 vanliga i artillerif\u00f6rstorare. Olydnad kan till och med leda till d\u00f6dsstraff, men dessa verkst\u00e4lldes ofta inte.<\/p>\n<p>Nordman, Hans (red.): Sk\u00e4rg\u00e5rdsflottan, Falun 2000.<\/p>\n<p>Malmqvist, Olle &amp; Welander Larsson, Ir\u00e9ne: De o\u00e4ndligt f\u00f6rbannade sluparna &#8211; episoder fr\u00e5n sj\u00f6striderna mot Ryssland 1808-1809, Karlskrona 2008.<\/p>\n<p>\u00a9 2013 Tykkisluuppi<\/p>\n","protected":false},"excerpt":{"rendered":"<p>Sk\u00e4rg\u00e5rdsflottans bes\u00e4ttning Viaporikommandant Augustin Ehrensv\u00e4rd delade bes\u00e4ttningen p\u00e5 sk\u00e4rg\u00e5rdsflottan under arm\u00e9n i tv\u00e5 grupper: hans egna permanenta bes\u00e4ttning och l\u00e5nad bes\u00e4ttning. Den permanenta bes\u00e4ttningen uppr\u00e4tth\u00f6lls under b\u00e5de krig och fred och var ansvarig f\u00f6r sk\u00e4rg\u00e5rdsflottan. Den l\u00e5nade bes\u00e4ttningen beordrades i sin tur under kriget att f\u00f6rst\u00e4rka de permanenta styrkorna. Sk\u00e4rg\u00e5rdens eget bes\u00e4ttning bestod av aktereglade [&hellip;]<\/p>\n","protected":false},"author":1,"featured_media":0,"parent":0,"menu_order":0,"comment_status":"closed","ping_status":"closed","template":"","meta":{"footnotes":""},"class_list":["post-141","page","type-page","status-publish","hentry"],"acf":[],"_links":{"self":[{"href":"https:\/\/tykkisluuppi.com\/swedish\/wp-json\/wp\/v2\/pages\/141","targetHints":{"allow":["GET"]}}],"collection":[{"href":"https:\/\/tykkisluuppi.com\/swedish\/wp-json\/wp\/v2\/pages"}],"about":[{"href":"https:\/\/tykkisluuppi.com\/swedish\/wp-json\/wp\/v2\/types\/page"}],"author":[{"embeddable":true,"href":"https:\/\/tykkisluuppi.com\/swedish\/wp-json\/wp\/v2\/users\/1"}],"replies":[{"embeddable":true,"href":"https:\/\/tykkisluuppi.com\/swedish\/wp-json\/wp\/v2\/comments?post=141"}],"version-history":[{"count":6,"href":"https:\/\/tykkisluuppi.com\/swedish\/wp-json\/wp\/v2\/pages\/141\/revisions"}],"predecessor-version":[{"id":270,"href":"https:\/\/tykkisluuppi.com\/swedish\/wp-json\/wp\/v2\/pages\/141\/revisions\/270"}],"wp:attachment":[{"href":"https:\/\/tykkisluuppi.com\/swedish\/wp-json\/wp\/v2\/media?parent=141"}],"curies":[{"name":"wp","href":"https:\/\/api.w.org\/{rel}","templated":true}]}}