{"id":137,"date":"2021-02-15T15:04:32","date_gmt":"2021-02-15T15:04:32","guid":{"rendered":"http:\/\/tykkisluuppi.com\/swedish\/?page_id=137"},"modified":"2021-02-22T09:00:53","modified_gmt":"2021-02-22T09:00:53","slug":"historia","status":"publish","type":"page","link":"https:\/\/tykkisluuppi.com\/swedish\/historia\/","title":{"rendered":"Historia"},"content":{"rendered":"<p><img loading=\"lazy\" decoding=\"async\" class=\"aligncenter size-full wp-image-133\" src=\"http:\/\/tykkisluuppi.com\/swedish\/wp-content\/uploads\/sites\/2\/2021\/02\/page-pic28.jpg\" alt=\"\" width=\"730\" height=\"400\" srcset=\"https:\/\/tykkisluuppi.com\/swedish\/wp-content\/uploads\/sites\/2\/2021\/02\/page-pic28.jpg 730w, https:\/\/tykkisluuppi.com\/swedish\/wp-content\/uploads\/sites\/2\/2021\/02\/page-pic28-300x164.jpg 300w\" sizes=\"auto, (max-width: 730px) 100vw, 730px\" \/><\/p>\n<h2>Kanonsluparnas historia<\/h2>\n<p>Kanonslupen som ingick i Sveaborgs sk\u00e4rg\u00e5rdsflotta var ett l\u00e5gg\u00e5ende, havsdugligt och vapenf\u00f6rsett fartyg, som kunde seglas och ros. Stommen p\u00e5 slupen var utrustad med tv\u00e5 master och femton \u00e5rpar. Stommens l\u00e4ngd var 20 meter och bredden 4,5 meter och 50 man beh\u00f6vdes f\u00f6r att ro slupen. Kanonsluparna hade en avg\u00f6rande betydelse under Gustav III:s krigstid (1788\u20131790) i havsslaget som \u00e4gde rum i Svensksund \u00e5r 1790, som avslutades med en lysande vinst f\u00f6r den Svenska flottan.<\/p>\n<p>&nbsp;<\/p>\n<hr \/>\n<p><img loading=\"lazy\" decoding=\"async\" class=\"aligncenter size-full wp-image-120\" src=\"http:\/\/tykkisluuppi.com\/swedish\/wp-content\/uploads\/sites\/2\/2021\/02\/page-pic27.jpg\" alt=\"\" width=\"730\" height=\"400\" srcset=\"https:\/\/tykkisluuppi.com\/swedish\/wp-content\/uploads\/sites\/2\/2021\/02\/page-pic27.jpg 730w, https:\/\/tykkisluuppi.com\/swedish\/wp-content\/uploads\/sites\/2\/2021\/02\/page-pic27-300x164.jpg 300w\" sizes=\"auto, (max-width: 730px) 100vw, 730px\" \/><\/p>\n<p>&nbsp;<\/p>\n","protected":false},"excerpt":{"rendered":"<p>Kanonsluparnas historia Kanonslupen som ingick i Sveaborgs sk\u00e4rg\u00e5rdsflotta var ett l\u00e5gg\u00e5ende, havsdugligt och vapenf\u00f6rsett fartyg, som kunde seglas och ros. Stommen p\u00e5 slupen var utrustad med tv\u00e5 master och femton \u00e5rpar. Stommens l\u00e4ngd var 20 meter och bredden 4,5 meter och 50 man beh\u00f6vdes f\u00f6r att ro slupen. Kanonsluparna hade en avg\u00f6rande betydelse under Gustav [&hellip;]<\/p>\n","protected":false},"author":1,"featured_media":0,"parent":0,"menu_order":0,"comment_status":"closed","ping_status":"closed","template":"","meta":{"footnotes":""},"class_list":["post-137","page","type-page","status-publish","hentry"],"acf":[],"_links":{"self":[{"href":"https:\/\/tykkisluuppi.com\/swedish\/wp-json\/wp\/v2\/pages\/137","targetHints":{"allow":["GET"]}}],"collection":[{"href":"https:\/\/tykkisluuppi.com\/swedish\/wp-json\/wp\/v2\/pages"}],"about":[{"href":"https:\/\/tykkisluuppi.com\/swedish\/wp-json\/wp\/v2\/types\/page"}],"author":[{"embeddable":true,"href":"https:\/\/tykkisluuppi.com\/swedish\/wp-json\/wp\/v2\/users\/1"}],"replies":[{"embeddable":true,"href":"https:\/\/tykkisluuppi.com\/swedish\/wp-json\/wp\/v2\/comments?post=137"}],"version-history":[{"count":5,"href":"https:\/\/tykkisluuppi.com\/swedish\/wp-json\/wp\/v2\/pages\/137\/revisions"}],"predecessor-version":[{"id":246,"href":"https:\/\/tykkisluuppi.com\/swedish\/wp-json\/wp\/v2\/pages\/137\/revisions\/246"}],"wp:attachment":[{"href":"https:\/\/tykkisluuppi.com\/swedish\/wp-json\/wp\/v2\/media?parent=137"}],"curies":[{"name":"wp","href":"https:\/\/api.w.org\/{rel}","templated":true}]}}