{"id":134,"date":"2021-02-15T15:01:53","date_gmt":"2021-02-15T15:01:53","guid":{"rendered":"http:\/\/tykkisluuppi.com\/swedish\/?page_id=134"},"modified":"2021-03-01T09:35:41","modified_gmt":"2021-03-01T09:35:41","slug":"byggande-av-kanonsluup-diana","status":"publish","type":"page","link":"https:\/\/tykkisluuppi.com\/swedish\/byggande-av-kanonsluup-diana\/","title":{"rendered":"Byggandet av kanonslupen Diana"},"content":{"rendered":"<p><img loading=\"lazy\" decoding=\"async\" class=\"aligncenter size-full wp-image-118\" src=\"http:\/\/tykkisluuppi.com\/swedish\/wp-content\/uploads\/sites\/2\/2021\/02\/page-pic25.jpg\" alt=\"\" width=\"730\" height=\"400\" srcset=\"https:\/\/tykkisluuppi.com\/swedish\/wp-content\/uploads\/sites\/2\/2021\/02\/page-pic25.jpg 730w, https:\/\/tykkisluuppi.com\/swedish\/wp-content\/uploads\/sites\/2\/2021\/02\/page-pic25-300x164.jpg 300w\" sizes=\"auto, (max-width: 730px) 100vw, 730px\" \/><\/p>\n<p>Kanonslupen som ingick i Sveaborgs sk\u00e4rg\u00e5rdsflotta var ett l\u00e5gg\u00e5ende, havsdugligt och vapenf\u00f6rsett fartyg, som kunde seglas och ros. Stommen p\u00e5 slupen var utrustad med tv\u00e5 master och femton \u00e5rpar. Stommens l\u00e4ngd var 20 meter och bredden 4,5 meter och 50 man beh\u00f6vdes f\u00f6r att ro slupen. Kanonsluparna hade en avg\u00f6rande betydelse under Gustav III:s krigstid (1788\u20131790) i havsslaget som \u00e4gde rum i Svensksund \u00e5r 1790, som avslutades med en lysande vinst f\u00f6r den Svenska flottan.<\/p>\n<div class=\"hgltbox\">Den nya kanonslupen baseras p\u00e5 ritningar utf\u00e4rdade av b\u00e5tarkitekten Fredrik Henrik af Chapman och gamla dokumentk\u00e4llor fr\u00e5n Svenska flottans ritningskontor. Skeppet byggdes med traditionella byggnadsmaterial och byggnadsmetoder p\u00e5 Sveaborgs varv, som fram till \u00e5r 1808 fungerande som st\u00f6dpunkt f\u00f6r Svenska sk\u00e4rg\u00e5rdsflottans Sveaborgs eskader. Varvet verkar i dagsl\u00e4get som centrum f\u00f6r traditionella b\u00e5tar, d\u00e4r kulturhistoriskt v\u00e4rdefulla skepp restaureras och repareras.<\/div>\n<p><span style=\"font-size: 1.6rem; background-color: var(--white1); color: var(--bodytext); font-family: var(--bodyft);\">Projektet leddes av skeppsrederiet som grundats av Samfundet Ehrensv\u00e4rd och Stiftelsen f\u00f6r Sveaborgs docka. Projektet startade h\u00f6sten 2010 och skeppet d\u00f6ptes till Diana sommaren 2014. Diana registrerades v\u00e5ren 2015 och den \u00e4r Finlands f\u00f6rsta eldrivna passagerarfartyg p\u00e5 havsomr\u00e5det.<\/span><\/p>\n<p><img loading=\"lazy\" decoding=\"async\" class=\"aligncenter size-full wp-image-119\" src=\"http:\/\/tykkisluuppi.com\/swedish\/wp-content\/uploads\/sites\/2\/2021\/02\/page-pic26.jpg\" alt=\"\" width=\"730\" height=\"400\" srcset=\"https:\/\/tykkisluuppi.com\/swedish\/wp-content\/uploads\/sites\/2\/2021\/02\/page-pic26.jpg 730w, https:\/\/tykkisluuppi.com\/swedish\/wp-content\/uploads\/sites\/2\/2021\/02\/page-pic26-300x164.jpg 300w\" sizes=\"auto, (max-width: 730px) 100vw, 730px\" \/><\/p>\n<p><a href=\"http:\/\/vimeo.com\/117584344\" target=\"_blank\" rel=\"noopener\">Timelaps-video<\/a> av byggandet av kanonslupen.<\/p>\n<p>Presentations <a href=\"https:\/\/www.youtube.com\/watch?v=cEyjoOaSc6Q\" target=\"_blank\" rel=\"noopener\">video<\/a> om kanonslupar samt byggandet av Diana \/ Metropolia yrkesh\u00f6gskola<\/p>\n<p><a href=\"http:\/\/valovirta.metropolia.fi\/tykkisluuppi\/\" target=\"_blank\" rel=\"noopener\">Byggandet av kanonslupen Diana<\/a> \/ Metropolia yrkesh\u00f6gskola<\/p>\n","protected":false},"excerpt":{"rendered":"<p>Kanonslupen som ingick i Sveaborgs sk\u00e4rg\u00e5rdsflotta var ett l\u00e5gg\u00e5ende, havsdugligt och vapenf\u00f6rsett fartyg, som kunde seglas och ros. Stommen p\u00e5 slupen var utrustad med tv\u00e5 master och femton \u00e5rpar. Stommens l\u00e4ngd var 20 meter och bredden 4,5 meter och 50 man beh\u00f6vdes f\u00f6r att ro slupen. Kanonsluparna hade en avg\u00f6rande betydelse under Gustav III:s krigstid [&hellip;]<\/p>\n","protected":false},"author":1,"featured_media":0,"parent":0,"menu_order":0,"comment_status":"closed","ping_status":"closed","template":"","meta":{"footnotes":""},"class_list":["post-134","page","type-page","status-publish","hentry"],"acf":[],"_links":{"self":[{"href":"https:\/\/tykkisluuppi.com\/swedish\/wp-json\/wp\/v2\/pages\/134","targetHints":{"allow":["GET"]}}],"collection":[{"href":"https:\/\/tykkisluuppi.com\/swedish\/wp-json\/wp\/v2\/pages"}],"about":[{"href":"https:\/\/tykkisluuppi.com\/swedish\/wp-json\/wp\/v2\/types\/page"}],"author":[{"embeddable":true,"href":"https:\/\/tykkisluuppi.com\/swedish\/wp-json\/wp\/v2\/users\/1"}],"replies":[{"embeddable":true,"href":"https:\/\/tykkisluuppi.com\/swedish\/wp-json\/wp\/v2\/comments?post=134"}],"version-history":[{"count":8,"href":"https:\/\/tykkisluuppi.com\/swedish\/wp-json\/wp\/v2\/pages\/134\/revisions"}],"predecessor-version":[{"id":266,"href":"https:\/\/tykkisluuppi.com\/swedish\/wp-json\/wp\/v2\/pages\/134\/revisions\/266"}],"wp:attachment":[{"href":"https:\/\/tykkisluuppi.com\/swedish\/wp-json\/wp\/v2\/media?parent=134"}],"curies":[{"name":"wp","href":"https:\/\/api.w.org\/{rel}","templated":true}]}}